{"id":8463,"date":"2020-11-20T18:14:34","date_gmt":"2020-11-20T23:14:34","guid":{"rendered":"https:\/\/www.pruebacoensa.geniografico.com\/product\/import-placeholder-for-4249\/"},"modified":"2022-03-11T09:33:20","modified_gmt":"2022-03-11T14:33:20","slug":"aire-acondicionado-split-24000-marca-york","status":"publish","type":"product","link":"https:\/\/servilimag.com\/servicio\/product\/aire-acondicionado-split-24000-marca-york\/","title":{"rendered":"Aire Acondicionado Split 24000 \u2013 Marca York"},"content":{"rendered":"<p><strong>Aire Acondicionado Split<\/strong><\/p>\n<p><strong>CAPACIDADES:<\/strong><\/p>\n<ul>\n<li>12 000 BTU\/h, monof\u00e1sico con 220v.<\/li>\n<li>18 000 BTU\/h, monof\u00e1sico con 220v.<\/li>\n<li>24 000 BTU\/h, monof\u00e1sico con 220v.<\/li>\n<\/ul>\n<p><strong>CARACTERISTICAS:<\/strong><\/p>\n<p><strong>Temporizador de 24 horas:\u00a0<\/strong>Permite programar tiempos de inicio hasta 24 horas para el funcionamiento flexible y m\u00e1s conveniente.<\/p>\n<p><strong>Bloqueo infantil:\u00a0<\/strong>Si se presiona el bot\u00f3n de bloqueo del mando a distancia, debe ser presionado de nuevo antes de usar, lo que evita el funcionamiento accidental.<\/p>\n<p><strong>Ventilador de varias velocidades:\u00a0<\/strong>El ventilador multi-velocidad ayuda a satisfacer diversos requisitos de flujo de aire.<\/p>\n<p><strong>Reinicio autom\u00e1tico:\u00a0<\/strong>La unidad se devuelve autom\u00e1ticamente a las condiciones de funcionamiento anteriores despu\u00e9s de un corte de energ\u00eda, para un funcionamiento simplificado.<\/p>\n<p><strong>Super silencioso:\u00a0<\/strong>La tecnolog\u00eda y el dise\u00f1o compacto reducen el nivel de ruido hasta 22 decibeles para una experiencia de usuario s\u00faper silenciosa y c\u00f3moda.<\/p>\n<p><strong>Auto diagn\u00f3stico:\u00a0<\/strong>Los c\u00f3digos de falla mostrados claramente permiten una resoluci\u00f3n de problemas m\u00e1s r\u00e1pida y un mantenimiento m\u00e1s f\u00e1cil.<\/p>\n<p><strong>Protecci\u00f3n de 3 minutos:\u00a0<\/strong>Un retraso de 3 minutos antes de que el compresor se reinicie ayuda a evitar el da\u00f1o del compresor y el tiempo de trabajo.<\/p>\n<p><strong>R-410A:<\/strong>\u00a0El refrigerante ecol\u00f3gico se enfr\u00eda y se calienta m\u00e1s eficientemente sin destruir la capa de ozono.<\/p>\n<p><strong>EVAPORADORA:<\/strong><\/p>\n<ul>\n<li>Dise\u00f1o moderno y compacto<\/li>\n<li>Enfriamiento eficiente<\/li>\n<li>Refrigerante ecol\u00f3gico (R-410A)<\/li>\n<li>Bajo nivel de ruido<\/li>\n<li>Reinicio autom\u00e1tico<\/li>\n<li>F\u00e1cil mantenimiento<\/li>\n<li>Control inal\u00e1mbrico<\/li>\n<\/ul>\n<p><strong>CONTROLADOR:<\/strong><\/p>\n<ul>\n<li>4 modos de operaci\u00f3n<\/li>\n<li>Autom\u00e1tico \/ Fr\u00edo \/ Seco \/ Ventilaci\u00f3n<\/li>\n<li>Modo de dormir<\/li>\n<li>Temporizador de Encendido y Apagado<\/li>\n<li>3 velocidades de control del ventilador (alta \/ media \/ baja)<\/li>\n<li>Pantalla LCD<\/li>\n<li>Ajustes Turbo Cool<\/li>\n<\/ul>\n<p><strong>CONDENSADORA:<\/strong><\/p>\n<ul>\n<li>Funcionamiento silencioso<\/li>\n<li>Compresor de alta eficiencia<\/li>\n<li>Instalaci\u00f3n conveniente<\/li>\n<li>F\u00e1cil mantenimiento<\/li>\n<li>Cubierta de v\u00e1lvula de servicio<\/li>\n<\/ul>\n","protected":false},"excerpt":{"rendered":"<p><strong>*Sujeto a Stock*<\/strong><br \/>\n<a href=\"https:\/\/servilimag.com\/servicio\/wp-content\/uploads\/2021\/04\/FICHA-TECNICA-AIRE-ACONDICIONADO-YORK-GRUPO-COENSA.pdf\"><strong><img decoding=\"async\" class=\"size-full wp-image-10032 alignleft\" src=\"https:\/\/servilimag.com\/servicio\/wp-content\/uploads\/2020\/11\/ICONO-DESCARGA-OK.png\" alt=\"\" width=\"123\" height=\"37\" \/><\/strong><\/a><\/p>\n<p>&nbsp;<\/p>\n<p><a href=\"https:\/\/servilimag.com\/servicio\/instalacion-de-equipos-de-aire-acondicionado\/\"><strong>Aqu\u00ed: Consulte por Nuestro Servicio de Instalaci\u00f3n.<\/strong><\/a><\/p>\n","protected":false},"featured_media":10125,"comment_status":"open","ping_status":"closed","template":"","meta":{"_joinchat":[]},"product_cat":[1496,1491,1497,1495],"product_tag":[1498],"yoast_head":"<!-- This site is optimized with the Yoast SEO plugin v19.11 - https:\/\/yoast.com\/wordpress\/plugins\/seo\/ -->\n<title>Aire Acondicionado Split 24000 \u2013 Marca York - SERVILIMAG<\/title>\n<meta name=\"description\" content=\"Venta de Equipos, Instalaci\u00f3n, Mantenimiento, Proyectos. \u00a1Asesor\u00eda Gratuita! Distribuidores York. Proyectos. Marcas: York\" \/>\n<meta name=\"robots\" content=\"index, follow, max-snippet:-1, max-image-preview:large, max-video-preview:-1\" \/>\n<link rel=\"canonical\" href=\"https:\/\/servilimag.com\/servicio\/product\/aire-acondicionado-split-24000-marca-york\/\" \/>\n<meta property=\"og:locale\" content=\"es_ES\" \/>\n<meta property=\"og:type\" content=\"article\" \/>\n<meta property=\"og:title\" content=\"Aire Acondicionado Split 24000 \u2013 Marca York - SERVILIMAG\" \/>\n<meta property=\"og:description\" content=\"Venta de Equipos, Instalaci\u00f3n, Mantenimiento, Proyectos. \u00a1Asesor\u00eda Gratuita! Distribuidores York. Proyectos. Marcas: York\" \/>\n<meta property=\"og:url\" content=\"https:\/\/servilimag.com\/servicio\/product\/aire-acondicionado-split-24000-marca-york\/\" \/>\n<meta property=\"og:site_name\" content=\"SERVILIMAG\" \/>\n<meta property=\"article:modified_time\" content=\"2022-03-11T14:33:20+00:00\" \/>\n<meta property=\"og:image\" content=\"https:\/\/servilimag.com\/servicio\/wp-content\/uploads\/2020\/11\/24000-BTU-MARCA-YORK.jpg\" \/>\n\t<meta property=\"og:image:width\" content=\"1000\" \/>\n\t<meta property=\"og:image:height\" content=\"1000\" \/>\n\t<meta property=\"og:image:type\" content=\"image\/jpeg\" \/>\n<meta name=\"twitter:card\" content=\"summary_large_image\" \/>\n<meta name=\"twitter:label1\" content=\"Tiempo de lectura\" \/>\n\t<meta name=\"twitter:data1\" content=\"2 minutos\" \/>\n<script type=\"application\/ld+json\" class=\"yoast-schema-graph\">{\"@context\":\"https:\/\/schema.org\",\"@graph\":[{\"@type\":\"WebPage\",\"@id\":\"https:\/\/servilimag.com\/servicio\/product\/aire-acondicionado-split-24000-marca-york\/\",\"url\":\"https:\/\/servilimag.com\/servicio\/product\/aire-acondicionado-split-24000-marca-york\/\",\"name\":\"Aire Acondicionado Split 24000 \u2013 Marca York - SERVILIMAG\",\"isPartOf\":{\"@id\":\"https:\/\/servilimag.com\/servicio\/#website\"},\"datePublished\":\"2020-11-20T23:14:34+00:00\",\"dateModified\":\"2022-03-11T14:33:20+00:00\",\"description\":\"Venta de Equipos, Instalaci\u00f3n, Mantenimiento, Proyectos. \u00a1Asesor\u00eda Gratuita! Distribuidores York. Proyectos. Marcas: York\",\"breadcrumb\":{\"@id\":\"https:\/\/servilimag.com\/servicio\/product\/aire-acondicionado-split-24000-marca-york\/#breadcrumb\"},\"inLanguage\":\"es\",\"potentialAction\":[{\"@type\":\"ReadAction\",\"target\":[\"https:\/\/servilimag.com\/servicio\/product\/aire-acondicionado-split-24000-marca-york\/\"]}]},{\"@type\":\"BreadcrumbList\",\"@id\":\"https:\/\/servilimag.com\/servicio\/product\/aire-acondicionado-split-24000-marca-york\/#breadcrumb\",\"itemListElement\":[{\"@type\":\"ListItem\",\"position\":1,\"name\":\"Portada\",\"item\":\"https:\/\/servilimag.com\/servicio\/\"},{\"@type\":\"ListItem\",\"position\":2,\"name\":\"Shop\",\"item\":\"https:\/\/servilimag.com\/servicio\/shop\/\"},{\"@type\":\"ListItem\",\"position\":3,\"name\":\"Aire Acondicionado Split 24000 \u2013 Marca York\"}]},{\"@type\":\"WebSite\",\"@id\":\"https:\/\/servilimag.com\/servicio\/#website\",\"url\":\"https:\/\/servilimag.com\/servicio\/\",\"name\":\"SERVILIMAG\",\"description\":\"Suministros y Servicios Integrales\",\"potentialAction\":[{\"@type\":\"SearchAction\",\"target\":{\"@type\":\"EntryPoint\",\"urlTemplate\":\"https:\/\/servilimag.com\/servicio\/?s={search_term_string}\"},\"query-input\":\"required name=search_term_string\"}],\"inLanguage\":\"es\"}]}<\/script>\n<!-- \/ Yoast SEO plugin. -->","yoast_head_json":{"title":"Aire Acondicionado Split 24000 \u2013 Marca York - SERVILIMAG","description":"Venta de Equipos, Instalaci\u00f3n, Mantenimiento, Proyectos. \u00a1Asesor\u00eda Gratuita! Distribuidores York. Proyectos. Marcas: York","robots":{"index":"index","follow":"follow","max-snippet":"max-snippet:-1","max-image-preview":"max-image-preview:large","max-video-preview":"max-video-preview:-1"},"canonical":"https:\/\/servilimag.com\/servicio\/product\/aire-acondicionado-split-24000-marca-york\/","og_locale":"es_ES","og_type":"article","og_title":"Aire Acondicionado Split 24000 \u2013 Marca York - SERVILIMAG","og_description":"Venta de Equipos, Instalaci\u00f3n, Mantenimiento, Proyectos. \u00a1Asesor\u00eda Gratuita! Distribuidores York. Proyectos. Marcas: York","og_url":"https:\/\/servilimag.com\/servicio\/product\/aire-acondicionado-split-24000-marca-york\/","og_site_name":"SERVILIMAG","article_modified_time":"2022-03-11T14:33:20+00:00","og_image":[{"width":1000,"height":1000,"url":"https:\/\/servilimag.com\/servicio\/wp-content\/uploads\/2020\/11\/24000-BTU-MARCA-YORK.jpg","type":"image\/jpeg"}],"twitter_card":"summary_large_image","twitter_misc":{"Tiempo de lectura":"2 minutos"},"schema":{"@context":"https:\/\/schema.org","@graph":[{"@type":"WebPage","@id":"https:\/\/servilimag.com\/servicio\/product\/aire-acondicionado-split-24000-marca-york\/","url":"https:\/\/servilimag.com\/servicio\/product\/aire-acondicionado-split-24000-marca-york\/","name":"Aire Acondicionado Split 24000 \u2013 Marca York - SERVILIMAG","isPartOf":{"@id":"https:\/\/servilimag.com\/servicio\/#website"},"datePublished":"2020-11-20T23:14:34+00:00","dateModified":"2022-03-11T14:33:20+00:00","description":"Venta de Equipos, Instalaci\u00f3n, Mantenimiento, Proyectos. \u00a1Asesor\u00eda Gratuita! Distribuidores York. Proyectos. Marcas: York","breadcrumb":{"@id":"https:\/\/servilimag.com\/servicio\/product\/aire-acondicionado-split-24000-marca-york\/#breadcrumb"},"inLanguage":"es","potentialAction":[{"@type":"ReadAction","target":["https:\/\/servilimag.com\/servicio\/product\/aire-acondicionado-split-24000-marca-york\/"]}]},{"@type":"BreadcrumbList","@id":"https:\/\/servilimag.com\/servicio\/product\/aire-acondicionado-split-24000-marca-york\/#breadcrumb","itemListElement":[{"@type":"ListItem","position":1,"name":"Portada","item":"https:\/\/servilimag.com\/servicio\/"},{"@type":"ListItem","position":2,"name":"Shop","item":"https:\/\/servilimag.com\/servicio\/shop\/"},{"@type":"ListItem","position":3,"name":"Aire Acondicionado Split 24000 \u2013 Marca York"}]},{"@type":"WebSite","@id":"https:\/\/servilimag.com\/servicio\/#website","url":"https:\/\/servilimag.com\/servicio\/","name":"SERVILIMAG","description":"Suministros y Servicios Integrales","potentialAction":[{"@type":"SearchAction","target":{"@type":"EntryPoint","urlTemplate":"https:\/\/servilimag.com\/servicio\/?s={search_term_string}"},"query-input":"required name=search_term_string"}],"inLanguage":"es"}]}},"_links":{"self":[{"href":"https:\/\/servilimag.com\/servicio\/wp-json\/wp\/v2\/product\/8463"}],"collection":[{"href":"https:\/\/servilimag.com\/servicio\/wp-json\/wp\/v2\/product"}],"about":[{"href":"https:\/\/servilimag.com\/servicio\/wp-json\/wp\/v2\/types\/product"}],"replies":[{"embeddable":true,"href":"https:\/\/servilimag.com\/servicio\/wp-json\/wp\/v2\/comments?post=8463"}],"wp:featuredmedia":[{"embeddable":true,"href":"https:\/\/servilimag.com\/servicio\/wp-json\/wp\/v2\/media\/10125"}],"wp:attachment":[{"href":"https:\/\/servilimag.com\/servicio\/wp-json\/wp\/v2\/media?parent=8463"}],"wp:term":[{"taxonomy":"product_cat","embeddable":true,"href":"https:\/\/servilimag.com\/servicio\/wp-json\/wp\/v2\/product_cat?post=8463"},{"taxonomy":"product_tag","embeddable":true,"href":"https:\/\/servilimag.com\/servicio\/wp-json\/wp\/v2\/product_tag?post=8463"}],"curies":[{"name":"wp","href":"https:\/\/api.w.org\/{rel}","templated":true}]}}