{"id":8346,"date":"2020-11-20T18:13:58","date_gmt":"2020-11-20T23:13:58","guid":{"rendered":"https:\/\/www.pruebacoensa.geniografico.com\/product\/import-placeholder-for-3946\/"},"modified":"2020-11-20T18:14:10","modified_gmt":"2020-11-20T23:14:10","slug":"puerta-modelo-ballesta-5","status":"publish","type":"product","link":"https:\/\/servilimag.com\/servicio\/product\/puerta-modelo-ballesta-5\/","title":{"rendered":"Puerta Modelo Ballesta"},"content":{"rendered":"<p>Puertas y rejas plegadizas o llamadas Ballesta, fabricadas a medida seg\u00fan necesidades obra y cliente. Las puertas de ballesta son un cierre articulado y extensible, f\u00e1cilmente escamoteable al estar recogido. Su gran visibilidad y robustez junto a su funcionamiento silencioso la convierten en una puerta o reja de seguridad ideal para hogares y comercios.<\/p>\n<p>Construidas con perfil de acero y platina de m\u00e1xima dureza, consiguiendo as\u00ed un mantenimiento pr\u00e1cticamente nulo.<\/p>\n<p>Las puertas y rejas de ballesta pueden ser giratorias, a una o dos hojas.<\/p>\n<ul>\n<li>Rodamientos de doble cojinete a fricci\u00f3n, con casquillos en los ejes, de bronce poroso, autolubrificados.<\/li>\n<li>Pernios electrosoldados para evitar descuelgues habituales de la puerta con sujeci\u00f3n por tornillos.<\/li>\n<li>Separaci\u00f3n de gu\u00eda-montante para facilitar el giro de la puerta y evitar \u00f3xidos por acumulaci\u00f3n de lluvia o humedades.<\/li>\n<li>Bisagra articulada para recoger la gu\u00eda inferior conformada en la misma gu\u00eda.<\/li>\n<li>Cerradura de cremallera de doble anclaje vertical, distancia protegida 50 cms., y de f\u00e1cil sustituci\u00f3n.<\/li>\n<li>Aldaba de sujeci\u00f3n y gu\u00eda plegable inferior con escuadra de enganche troquelada en la misma gu\u00eda, casi invisible<\/li>\n<li>Punto de uni\u00f3n de las dos mitades plegables de la gu\u00eda inferior con leng\u00fceta inferior. Varios acabados a elegir, zincado, cromatizado oro, lacado blanco, lacado negro, y otros colores.<\/li>\n<\/ul>\n<p><strong>Nuestro trabajo brinda:<\/strong><\/p>\n<ul>\n<li>Seguridad garantizada.<\/li>\n<li>comodidad<\/li>\n<li>versatilidad<\/li>\n<\/ul>\n","protected":false},"excerpt":{"rendered":"<p>Puertas y rejas plegadizas o llamadas Ballesta, fabricadas a medida seg\u00fan necesidades obra y cliente. Las puertas de ballesta son<\/p>\n","protected":false},"featured_media":8375,"comment_status":"open","ping_status":"closed","template":"","meta":{"_joinchat":[]},"product_cat":[1458,1457,1479,1456],"product_tag":[1480],"yoast_head":"<!-- This site is optimized with the Yoast SEO plugin v19.11 - https:\/\/yoast.com\/wordpress\/plugins\/seo\/ -->\n<title>Puerta Modelo Ballesta - SERVILIMAG<\/title>\n<meta name=\"robots\" content=\"index, follow, max-snippet:-1, max-image-preview:large, max-video-preview:-1\" \/>\n<link rel=\"canonical\" href=\"https:\/\/servilimag.com\/servicio\/product\/puerta-modelo-ballesta-5\/\" \/>\n<meta property=\"og:locale\" content=\"es_ES\" \/>\n<meta property=\"og:type\" content=\"article\" \/>\n<meta property=\"og:title\" content=\"Puerta Modelo Ballesta - SERVILIMAG\" \/>\n<meta property=\"og:description\" content=\"Puertas y rejas plegadizas o llamadas Ballesta, fabricadas a medida seg\u00fan necesidades obra y cliente. Las puertas de ballesta son\" \/>\n<meta property=\"og:url\" content=\"https:\/\/servilimag.com\/servicio\/product\/puerta-modelo-ballesta-5\/\" \/>\n<meta property=\"og:site_name\" content=\"SERVILIMAG\" \/>\n<meta property=\"article:modified_time\" content=\"2020-11-20T23:14:10+00:00\" \/>\n<meta property=\"og:image\" content=\"https:\/\/servilimag.com\/servicio\/wp-content\/uploads\/2020\/11\/5.-PUERTA-MODELO-BALLESTA.jpg\" \/>\n\t<meta property=\"og:image:width\" content=\"500\" \/>\n\t<meta property=\"og:image:height\" content=\"500\" \/>\n\t<meta property=\"og:image:type\" content=\"image\/jpeg\" \/>\n<meta name=\"twitter:card\" content=\"summary_large_image\" \/>\n<meta name=\"twitter:label1\" content=\"Tiempo de lectura\" \/>\n\t<meta name=\"twitter:data1\" content=\"1 minuto\" \/>\n<script type=\"application\/ld+json\" class=\"yoast-schema-graph\">{\"@context\":\"https:\/\/schema.org\",\"@graph\":[{\"@type\":\"WebPage\",\"@id\":\"https:\/\/servilimag.com\/servicio\/product\/puerta-modelo-ballesta-5\/\",\"url\":\"https:\/\/servilimag.com\/servicio\/product\/puerta-modelo-ballesta-5\/\",\"name\":\"Puerta Modelo Ballesta - SERVILIMAG\",\"isPartOf\":{\"@id\":\"https:\/\/servilimag.com\/servicio\/#website\"},\"datePublished\":\"2020-11-20T23:13:58+00:00\",\"dateModified\":\"2020-11-20T23:14:10+00:00\",\"breadcrumb\":{\"@id\":\"https:\/\/servilimag.com\/servicio\/product\/puerta-modelo-ballesta-5\/#breadcrumb\"},\"inLanguage\":\"es\",\"potentialAction\":[{\"@type\":\"ReadAction\",\"target\":[\"https:\/\/servilimag.com\/servicio\/product\/puerta-modelo-ballesta-5\/\"]}]},{\"@type\":\"BreadcrumbList\",\"@id\":\"https:\/\/servilimag.com\/servicio\/product\/puerta-modelo-ballesta-5\/#breadcrumb\",\"itemListElement\":[{\"@type\":\"ListItem\",\"position\":1,\"name\":\"Portada\",\"item\":\"https:\/\/servilimag.com\/servicio\/\"},{\"@type\":\"ListItem\",\"position\":2,\"name\":\"Shop\",\"item\":\"https:\/\/servilimag.com\/servicio\/shop\/\"},{\"@type\":\"ListItem\",\"position\":3,\"name\":\"Puerta Modelo Ballesta\"}]},{\"@type\":\"WebSite\",\"@id\":\"https:\/\/servilimag.com\/servicio\/#website\",\"url\":\"https:\/\/servilimag.com\/servicio\/\",\"name\":\"SERVILIMAG\",\"description\":\"Suministros y Servicios Integrales\",\"potentialAction\":[{\"@type\":\"SearchAction\",\"target\":{\"@type\":\"EntryPoint\",\"urlTemplate\":\"https:\/\/servilimag.com\/servicio\/?s={search_term_string}\"},\"query-input\":\"required name=search_term_string\"}],\"inLanguage\":\"es\"}]}<\/script>\n<!-- \/ Yoast SEO plugin. -->","yoast_head_json":{"title":"Puerta Modelo Ballesta - SERVILIMAG","robots":{"index":"index","follow":"follow","max-snippet":"max-snippet:-1","max-image-preview":"max-image-preview:large","max-video-preview":"max-video-preview:-1"},"canonical":"https:\/\/servilimag.com\/servicio\/product\/puerta-modelo-ballesta-5\/","og_locale":"es_ES","og_type":"article","og_title":"Puerta Modelo Ballesta - SERVILIMAG","og_description":"Puertas y rejas plegadizas o llamadas Ballesta, fabricadas a medida seg\u00fan necesidades obra y cliente. Las puertas de ballesta son","og_url":"https:\/\/servilimag.com\/servicio\/product\/puerta-modelo-ballesta-5\/","og_site_name":"SERVILIMAG","article_modified_time":"2020-11-20T23:14:10+00:00","og_image":[{"width":500,"height":500,"url":"https:\/\/servilimag.com\/servicio\/wp-content\/uploads\/2020\/11\/5.-PUERTA-MODELO-BALLESTA.jpg","type":"image\/jpeg"}],"twitter_card":"summary_large_image","twitter_misc":{"Tiempo de lectura":"1 minuto"},"schema":{"@context":"https:\/\/schema.org","@graph":[{"@type":"WebPage","@id":"https:\/\/servilimag.com\/servicio\/product\/puerta-modelo-ballesta-5\/","url":"https:\/\/servilimag.com\/servicio\/product\/puerta-modelo-ballesta-5\/","name":"Puerta Modelo Ballesta - SERVILIMAG","isPartOf":{"@id":"https:\/\/servilimag.com\/servicio\/#website"},"datePublished":"2020-11-20T23:13:58+00:00","dateModified":"2020-11-20T23:14:10+00:00","breadcrumb":{"@id":"https:\/\/servilimag.com\/servicio\/product\/puerta-modelo-ballesta-5\/#breadcrumb"},"inLanguage":"es","potentialAction":[{"@type":"ReadAction","target":["https:\/\/servilimag.com\/servicio\/product\/puerta-modelo-ballesta-5\/"]}]},{"@type":"BreadcrumbList","@id":"https:\/\/servilimag.com\/servicio\/product\/puerta-modelo-ballesta-5\/#breadcrumb","itemListElement":[{"@type":"ListItem","position":1,"name":"Portada","item":"https:\/\/servilimag.com\/servicio\/"},{"@type":"ListItem","position":2,"name":"Shop","item":"https:\/\/servilimag.com\/servicio\/shop\/"},{"@type":"ListItem","position":3,"name":"Puerta Modelo Ballesta"}]},{"@type":"WebSite","@id":"https:\/\/servilimag.com\/servicio\/#website","url":"https:\/\/servilimag.com\/servicio\/","name":"SERVILIMAG","description":"Suministros y Servicios Integrales","potentialAction":[{"@type":"SearchAction","target":{"@type":"EntryPoint","urlTemplate":"https:\/\/servilimag.com\/servicio\/?s={search_term_string}"},"query-input":"required name=search_term_string"}],"inLanguage":"es"}]}},"_links":{"self":[{"href":"https:\/\/servilimag.com\/servicio\/wp-json\/wp\/v2\/product\/8346"}],"collection":[{"href":"https:\/\/servilimag.com\/servicio\/wp-json\/wp\/v2\/product"}],"about":[{"href":"https:\/\/servilimag.com\/servicio\/wp-json\/wp\/v2\/types\/product"}],"replies":[{"embeddable":true,"href":"https:\/\/servilimag.com\/servicio\/wp-json\/wp\/v2\/comments?post=8346"}],"wp:featuredmedia":[{"embeddable":true,"href":"https:\/\/servilimag.com\/servicio\/wp-json\/wp\/v2\/media\/8375"}],"wp:attachment":[{"href":"https:\/\/servilimag.com\/servicio\/wp-json\/wp\/v2\/media?parent=8346"}],"wp:term":[{"taxonomy":"product_cat","embeddable":true,"href":"https:\/\/servilimag.com\/servicio\/wp-json\/wp\/v2\/product_cat?post=8346"},{"taxonomy":"product_tag","embeddable":true,"href":"https:\/\/servilimag.com\/servicio\/wp-json\/wp\/v2\/product_tag?post=8346"}],"curies":[{"name":"wp","href":"https:\/\/api.w.org\/{rel}","templated":true}]}}