{"id":8337,"date":"2020-11-20T18:13:57","date_gmt":"2020-11-20T23:13:57","guid":{"rendered":"https:\/\/www.pruebacoensa.geniografico.com\/product\/import-placeholder-for-3926\/"},"modified":"2020-11-20T18:14:06","modified_gmt":"2020-11-20T23:14:06","slug":"rejas-domiciliarias-de-fierro","status":"publish","type":"product","link":"https:\/\/servilimag.com\/servicio\/product\/rejas-domiciliarias-de-fierro\/","title":{"rendered":"Rejas Domiciliarias de Fierro"},"content":{"rendered":"<p>Puertas y rejas fabricadas a medida seg\u00fan necesidades del cliente, fabricadas en hierro, acero inoxidable, aluminio y vidrio, pudi\u00e9ndolo cambiar entre si.<\/p>\n<p>Personalizaci\u00f3n \u00a0de las puertas seg\u00fan gustos de fabricaci\u00f3n de puertas con los dise\u00f1os mas funcionales, actuales y modernos de las nuevas tendencias de nuestros tiempos hasta los dise\u00f1os mas cl\u00e1sicos como la forja art\u00edstica.<\/p>\n<p>Gran posibilidad de elecci\u00f3n de complementos para la puerta:<\/p>\n<ul>\n<li>Cerraduras estandarizadas en marca y modelo a elegir, sistemas de cerradura con llave de seguridad<\/li>\n<li>Sistema de entrada mediante c\u00f3digo num\u00e9rico, control de accesos<\/li>\n<li>Manillera a elegir<\/li>\n<li>Instalaci\u00f3n de buzones comunidad en la misma puerta o buz\u00f3n de correspondencia con bandeja de publicidad.<\/li>\n<\/ul>\n<p><strong>Nuestro trabajo brinda:<\/strong><\/p>\n<ul>\n<li>Seguridad garantizada.<\/li>\n<li>comodidad<\/li>\n<li>versatilidad<\/li>\n<\/ul>\n","protected":false},"excerpt":{"rendered":"<p>Puertas y rejas fabricadas a medida seg\u00fan necesidades del cliente, fabricadas en hierro, acero inoxidable, aluminio y vidrio, pudi\u00e9ndolo cambiar<\/p>\n","protected":false},"featured_media":8366,"comment_status":"open","ping_status":"closed","template":"","meta":{"_joinchat":[]},"product_cat":[1458,1457,1473,1456],"product_tag":[1474],"yoast_head":"<!-- This site is optimized with the Yoast SEO plugin v19.11 - https:\/\/yoast.com\/wordpress\/plugins\/seo\/ -->\n<title>Rejas Domiciliarias de Fierro - SERVILIMAG<\/title>\n<meta name=\"robots\" content=\"index, follow, max-snippet:-1, max-image-preview:large, max-video-preview:-1\" \/>\n<link rel=\"canonical\" href=\"https:\/\/servilimag.com\/servicio\/product\/rejas-domiciliarias-de-fierro\/\" \/>\n<meta property=\"og:locale\" content=\"es_ES\" \/>\n<meta property=\"og:type\" content=\"article\" \/>\n<meta property=\"og:title\" content=\"Rejas Domiciliarias de Fierro - SERVILIMAG\" \/>\n<meta property=\"og:description\" content=\"Puertas y rejas fabricadas a medida seg\u00fan necesidades del cliente, fabricadas en hierro, acero inoxidable, aluminio y vidrio, pudi\u00e9ndolo cambiar\" \/>\n<meta property=\"og:url\" content=\"https:\/\/servilimag.com\/servicio\/product\/rejas-domiciliarias-de-fierro\/\" \/>\n<meta property=\"og:site_name\" content=\"SERVILIMAG\" \/>\n<meta property=\"article:modified_time\" content=\"2020-11-20T23:14:06+00:00\" \/>\n<meta property=\"og:image\" content=\"https:\/\/servilimag.com\/servicio\/wp-content\/uploads\/2020\/11\/1.-REJAS-DOMICILIARIAS-DER-FIERRO.jpg\" \/>\n\t<meta property=\"og:image:width\" content=\"500\" \/>\n\t<meta property=\"og:image:height\" content=\"500\" \/>\n\t<meta property=\"og:image:type\" content=\"image\/jpeg\" \/>\n<meta name=\"twitter:card\" content=\"summary_large_image\" \/>\n<meta name=\"twitter:label1\" content=\"Tiempo de lectura\" \/>\n\t<meta name=\"twitter:data1\" content=\"1 minuto\" \/>\n<script type=\"application\/ld+json\" class=\"yoast-schema-graph\">{\"@context\":\"https:\/\/schema.org\",\"@graph\":[{\"@type\":\"WebPage\",\"@id\":\"https:\/\/servilimag.com\/servicio\/product\/rejas-domiciliarias-de-fierro\/\",\"url\":\"https:\/\/servilimag.com\/servicio\/product\/rejas-domiciliarias-de-fierro\/\",\"name\":\"Rejas Domiciliarias de Fierro - SERVILIMAG\",\"isPartOf\":{\"@id\":\"https:\/\/servilimag.com\/servicio\/#website\"},\"datePublished\":\"2020-11-20T23:13:57+00:00\",\"dateModified\":\"2020-11-20T23:14:06+00:00\",\"breadcrumb\":{\"@id\":\"https:\/\/servilimag.com\/servicio\/product\/rejas-domiciliarias-de-fierro\/#breadcrumb\"},\"inLanguage\":\"es\",\"potentialAction\":[{\"@type\":\"ReadAction\",\"target\":[\"https:\/\/servilimag.com\/servicio\/product\/rejas-domiciliarias-de-fierro\/\"]}]},{\"@type\":\"BreadcrumbList\",\"@id\":\"https:\/\/servilimag.com\/servicio\/product\/rejas-domiciliarias-de-fierro\/#breadcrumb\",\"itemListElement\":[{\"@type\":\"ListItem\",\"position\":1,\"name\":\"Portada\",\"item\":\"https:\/\/servilimag.com\/servicio\/\"},{\"@type\":\"ListItem\",\"position\":2,\"name\":\"Shop\",\"item\":\"https:\/\/servilimag.com\/servicio\/shop\/\"},{\"@type\":\"ListItem\",\"position\":3,\"name\":\"Rejas Domiciliarias de Fierro\"}]},{\"@type\":\"WebSite\",\"@id\":\"https:\/\/servilimag.com\/servicio\/#website\",\"url\":\"https:\/\/servilimag.com\/servicio\/\",\"name\":\"SERVILIMAG\",\"description\":\"Suministros y Servicios Integrales\",\"potentialAction\":[{\"@type\":\"SearchAction\",\"target\":{\"@type\":\"EntryPoint\",\"urlTemplate\":\"https:\/\/servilimag.com\/servicio\/?s={search_term_string}\"},\"query-input\":\"required name=search_term_string\"}],\"inLanguage\":\"es\"}]}<\/script>\n<!-- \/ Yoast SEO plugin. -->","yoast_head_json":{"title":"Rejas Domiciliarias de Fierro - SERVILIMAG","robots":{"index":"index","follow":"follow","max-snippet":"max-snippet:-1","max-image-preview":"max-image-preview:large","max-video-preview":"max-video-preview:-1"},"canonical":"https:\/\/servilimag.com\/servicio\/product\/rejas-domiciliarias-de-fierro\/","og_locale":"es_ES","og_type":"article","og_title":"Rejas Domiciliarias de Fierro - SERVILIMAG","og_description":"Puertas y rejas fabricadas a medida seg\u00fan necesidades del cliente, fabricadas en hierro, acero inoxidable, aluminio y vidrio, pudi\u00e9ndolo cambiar","og_url":"https:\/\/servilimag.com\/servicio\/product\/rejas-domiciliarias-de-fierro\/","og_site_name":"SERVILIMAG","article_modified_time":"2020-11-20T23:14:06+00:00","og_image":[{"width":500,"height":500,"url":"https:\/\/servilimag.com\/servicio\/wp-content\/uploads\/2020\/11\/1.-REJAS-DOMICILIARIAS-DER-FIERRO.jpg","type":"image\/jpeg"}],"twitter_card":"summary_large_image","twitter_misc":{"Tiempo de lectura":"1 minuto"},"schema":{"@context":"https:\/\/schema.org","@graph":[{"@type":"WebPage","@id":"https:\/\/servilimag.com\/servicio\/product\/rejas-domiciliarias-de-fierro\/","url":"https:\/\/servilimag.com\/servicio\/product\/rejas-domiciliarias-de-fierro\/","name":"Rejas Domiciliarias de Fierro - SERVILIMAG","isPartOf":{"@id":"https:\/\/servilimag.com\/servicio\/#website"},"datePublished":"2020-11-20T23:13:57+00:00","dateModified":"2020-11-20T23:14:06+00:00","breadcrumb":{"@id":"https:\/\/servilimag.com\/servicio\/product\/rejas-domiciliarias-de-fierro\/#breadcrumb"},"inLanguage":"es","potentialAction":[{"@type":"ReadAction","target":["https:\/\/servilimag.com\/servicio\/product\/rejas-domiciliarias-de-fierro\/"]}]},{"@type":"BreadcrumbList","@id":"https:\/\/servilimag.com\/servicio\/product\/rejas-domiciliarias-de-fierro\/#breadcrumb","itemListElement":[{"@type":"ListItem","position":1,"name":"Portada","item":"https:\/\/servilimag.com\/servicio\/"},{"@type":"ListItem","position":2,"name":"Shop","item":"https:\/\/servilimag.com\/servicio\/shop\/"},{"@type":"ListItem","position":3,"name":"Rejas Domiciliarias de Fierro"}]},{"@type":"WebSite","@id":"https:\/\/servilimag.com\/servicio\/#website","url":"https:\/\/servilimag.com\/servicio\/","name":"SERVILIMAG","description":"Suministros y Servicios Integrales","potentialAction":[{"@type":"SearchAction","target":{"@type":"EntryPoint","urlTemplate":"https:\/\/servilimag.com\/servicio\/?s={search_term_string}"},"query-input":"required name=search_term_string"}],"inLanguage":"es"}]}},"_links":{"self":[{"href":"https:\/\/servilimag.com\/servicio\/wp-json\/wp\/v2\/product\/8337"}],"collection":[{"href":"https:\/\/servilimag.com\/servicio\/wp-json\/wp\/v2\/product"}],"about":[{"href":"https:\/\/servilimag.com\/servicio\/wp-json\/wp\/v2\/types\/product"}],"replies":[{"embeddable":true,"href":"https:\/\/servilimag.com\/servicio\/wp-json\/wp\/v2\/comments?post=8337"}],"wp:featuredmedia":[{"embeddable":true,"href":"https:\/\/servilimag.com\/servicio\/wp-json\/wp\/v2\/media\/8366"}],"wp:attachment":[{"href":"https:\/\/servilimag.com\/servicio\/wp-json\/wp\/v2\/media?parent=8337"}],"wp:term":[{"taxonomy":"product_cat","embeddable":true,"href":"https:\/\/servilimag.com\/servicio\/wp-json\/wp\/v2\/product_cat?post=8337"},{"taxonomy":"product_tag","embeddable":true,"href":"https:\/\/servilimag.com\/servicio\/wp-json\/wp\/v2\/product_tag?post=8337"}],"curies":[{"name":"wp","href":"https:\/\/api.w.org\/{rel}","templated":true}]}}