{"id":8270,"date":"2020-11-20T18:13:38","date_gmt":"2020-11-20T23:13:38","guid":{"rendered":"https:\/\/www.pruebacoensa.geniografico.com\/product\/import-placeholder-for-3849\/"},"modified":"2020-11-20T18:13:45","modified_gmt":"2020-11-20T23:13:45","slug":"puertas-enrollables-automaticas-4","status":"publish","type":"product","link":"https:\/\/servilimag.com\/servicio\/product\/puertas-enrollables-automaticas-4\/","title":{"rendered":"Puertas Enrollables Automaticas"},"content":{"rendered":"<p>Puertas enrollables met\u00e1licas, construidas a medida seg\u00fan hueco, fabricadas con varilla, tubular, etc.<\/p>\n<p>Disponemos de diferentes modelos<\/p>\n<p>Acabados: galvanizado, inoxidable, plastificada \u00f3 lacada, lamas met\u00e1licas galvanizadas, madera nogal oscuro o claro, microperforada, pvc blanco, pvc marr\u00f3n tabaco, pvc gris, lamas de acero inoxidable troquelado, tubular doble, tubular triple, de varilla,<\/p>\n<p><span style=\"color: #008000;\">Posibilidad de apertura manual o autom\u00e1tica con llave de contacto magn\u00e9tica, mando a distancia..<\/span><\/p>\n<p>AUTOMATISMO PARA PUERTAS ENROLLABLES:<\/p>\n<ul>\n<li>Sistemas de apertura: mandos a distancia, teclados num\u00e9ricos, selector de llave, lectores de tarjetas de proximidad.<\/li>\n<li>Motores para puertas enrollables. Posibilidad de elecci\u00f3n de motor con o sin electrofreno.<\/li>\n<\/ul>\n","protected":false},"excerpt":{"rendered":"<p>Puertas enrollables met\u00e1licas, construidas a medida seg\u00fan hueco, fabricadas con varilla, tubular, etc. Disponemos de diferentes modelos Acabados: galvanizado, inoxidable,<\/p>\n","protected":false},"featured_media":8300,"comment_status":"open","ping_status":"closed","template":"","meta":{"_joinchat":[]},"product_cat":[1458,1469,1457,1456],"product_tag":[1470],"yoast_head":"<!-- This site is optimized with the Yoast SEO plugin v19.11 - https:\/\/yoast.com\/wordpress\/plugins\/seo\/ -->\n<title>Puertas Enrollables Automaticas - SERVILIMAG<\/title>\n<meta name=\"robots\" content=\"index, follow, max-snippet:-1, max-image-preview:large, max-video-preview:-1\" \/>\n<link rel=\"canonical\" href=\"https:\/\/servilimag.com\/servicio\/product\/puertas-enrollables-automaticas-4\/\" \/>\n<meta property=\"og:locale\" content=\"es_ES\" \/>\n<meta property=\"og:type\" content=\"article\" \/>\n<meta property=\"og:title\" content=\"Puertas Enrollables Automaticas - SERVILIMAG\" \/>\n<meta property=\"og:description\" content=\"Puertas enrollables met\u00e1licas, construidas a medida seg\u00fan hueco, fabricadas con varilla, tubular, etc. Disponemos de diferentes modelos Acabados: galvanizado, inoxidable,\" \/>\n<meta property=\"og:url\" content=\"https:\/\/servilimag.com\/servicio\/product\/puertas-enrollables-automaticas-4\/\" \/>\n<meta property=\"og:site_name\" content=\"SERVILIMAG\" \/>\n<meta property=\"article:modified_time\" content=\"2020-11-20T23:13:45+00:00\" \/>\n<meta property=\"og:image\" content=\"https:\/\/servilimag.com\/servicio\/wp-content\/uploads\/2020\/11\/4.-PUERTAS-ENROLLABLES-AUTOMATICAS.jpg\" \/>\n\t<meta property=\"og:image:width\" content=\"500\" \/>\n\t<meta property=\"og:image:height\" content=\"500\" \/>\n\t<meta property=\"og:image:type\" content=\"image\/jpeg\" \/>\n<meta name=\"twitter:card\" content=\"summary_large_image\" \/>\n<meta name=\"twitter:label1\" content=\"Tiempo de lectura\" \/>\n\t<meta name=\"twitter:data1\" content=\"1 minuto\" \/>\n<script type=\"application\/ld+json\" class=\"yoast-schema-graph\">{\"@context\":\"https:\/\/schema.org\",\"@graph\":[{\"@type\":\"WebPage\",\"@id\":\"https:\/\/servilimag.com\/servicio\/product\/puertas-enrollables-automaticas-4\/\",\"url\":\"https:\/\/servilimag.com\/servicio\/product\/puertas-enrollables-automaticas-4\/\",\"name\":\"Puertas Enrollables Automaticas - SERVILIMAG\",\"isPartOf\":{\"@id\":\"https:\/\/servilimag.com\/servicio\/#website\"},\"datePublished\":\"2020-11-20T23:13:38+00:00\",\"dateModified\":\"2020-11-20T23:13:45+00:00\",\"breadcrumb\":{\"@id\":\"https:\/\/servilimag.com\/servicio\/product\/puertas-enrollables-automaticas-4\/#breadcrumb\"},\"inLanguage\":\"es\",\"potentialAction\":[{\"@type\":\"ReadAction\",\"target\":[\"https:\/\/servilimag.com\/servicio\/product\/puertas-enrollables-automaticas-4\/\"]}]},{\"@type\":\"BreadcrumbList\",\"@id\":\"https:\/\/servilimag.com\/servicio\/product\/puertas-enrollables-automaticas-4\/#breadcrumb\",\"itemListElement\":[{\"@type\":\"ListItem\",\"position\":1,\"name\":\"Portada\",\"item\":\"https:\/\/servilimag.com\/servicio\/\"},{\"@type\":\"ListItem\",\"position\":2,\"name\":\"Shop\",\"item\":\"https:\/\/servilimag.com\/servicio\/shop\/\"},{\"@type\":\"ListItem\",\"position\":3,\"name\":\"Puertas Enrollables Automaticas\"}]},{\"@type\":\"WebSite\",\"@id\":\"https:\/\/servilimag.com\/servicio\/#website\",\"url\":\"https:\/\/servilimag.com\/servicio\/\",\"name\":\"SERVILIMAG\",\"description\":\"Suministros y Servicios Integrales\",\"potentialAction\":[{\"@type\":\"SearchAction\",\"target\":{\"@type\":\"EntryPoint\",\"urlTemplate\":\"https:\/\/servilimag.com\/servicio\/?s={search_term_string}\"},\"query-input\":\"required name=search_term_string\"}],\"inLanguage\":\"es\"}]}<\/script>\n<!-- \/ Yoast SEO plugin. -->","yoast_head_json":{"title":"Puertas Enrollables Automaticas - SERVILIMAG","robots":{"index":"index","follow":"follow","max-snippet":"max-snippet:-1","max-image-preview":"max-image-preview:large","max-video-preview":"max-video-preview:-1"},"canonical":"https:\/\/servilimag.com\/servicio\/product\/puertas-enrollables-automaticas-4\/","og_locale":"es_ES","og_type":"article","og_title":"Puertas Enrollables Automaticas - SERVILIMAG","og_description":"Puertas enrollables met\u00e1licas, construidas a medida seg\u00fan hueco, fabricadas con varilla, tubular, etc. Disponemos de diferentes modelos Acabados: galvanizado, inoxidable,","og_url":"https:\/\/servilimag.com\/servicio\/product\/puertas-enrollables-automaticas-4\/","og_site_name":"SERVILIMAG","article_modified_time":"2020-11-20T23:13:45+00:00","og_image":[{"width":500,"height":500,"url":"https:\/\/servilimag.com\/servicio\/wp-content\/uploads\/2020\/11\/4.-PUERTAS-ENROLLABLES-AUTOMATICAS.jpg","type":"image\/jpeg"}],"twitter_card":"summary_large_image","twitter_misc":{"Tiempo de lectura":"1 minuto"},"schema":{"@context":"https:\/\/schema.org","@graph":[{"@type":"WebPage","@id":"https:\/\/servilimag.com\/servicio\/product\/puertas-enrollables-automaticas-4\/","url":"https:\/\/servilimag.com\/servicio\/product\/puertas-enrollables-automaticas-4\/","name":"Puertas Enrollables Automaticas - SERVILIMAG","isPartOf":{"@id":"https:\/\/servilimag.com\/servicio\/#website"},"datePublished":"2020-11-20T23:13:38+00:00","dateModified":"2020-11-20T23:13:45+00:00","breadcrumb":{"@id":"https:\/\/servilimag.com\/servicio\/product\/puertas-enrollables-automaticas-4\/#breadcrumb"},"inLanguage":"es","potentialAction":[{"@type":"ReadAction","target":["https:\/\/servilimag.com\/servicio\/product\/puertas-enrollables-automaticas-4\/"]}]},{"@type":"BreadcrumbList","@id":"https:\/\/servilimag.com\/servicio\/product\/puertas-enrollables-automaticas-4\/#breadcrumb","itemListElement":[{"@type":"ListItem","position":1,"name":"Portada","item":"https:\/\/servilimag.com\/servicio\/"},{"@type":"ListItem","position":2,"name":"Shop","item":"https:\/\/servilimag.com\/servicio\/shop\/"},{"@type":"ListItem","position":3,"name":"Puertas Enrollables Automaticas"}]},{"@type":"WebSite","@id":"https:\/\/servilimag.com\/servicio\/#website","url":"https:\/\/servilimag.com\/servicio\/","name":"SERVILIMAG","description":"Suministros y Servicios Integrales","potentialAction":[{"@type":"SearchAction","target":{"@type":"EntryPoint","urlTemplate":"https:\/\/servilimag.com\/servicio\/?s={search_term_string}"},"query-input":"required name=search_term_string"}],"inLanguage":"es"}]}},"_links":{"self":[{"href":"https:\/\/servilimag.com\/servicio\/wp-json\/wp\/v2\/product\/8270"}],"collection":[{"href":"https:\/\/servilimag.com\/servicio\/wp-json\/wp\/v2\/product"}],"about":[{"href":"https:\/\/servilimag.com\/servicio\/wp-json\/wp\/v2\/types\/product"}],"replies":[{"embeddable":true,"href":"https:\/\/servilimag.com\/servicio\/wp-json\/wp\/v2\/comments?post=8270"}],"wp:featuredmedia":[{"embeddable":true,"href":"https:\/\/servilimag.com\/servicio\/wp-json\/wp\/v2\/media\/8300"}],"wp:attachment":[{"href":"https:\/\/servilimag.com\/servicio\/wp-json\/wp\/v2\/media?parent=8270"}],"wp:term":[{"taxonomy":"product_cat","embeddable":true,"href":"https:\/\/servilimag.com\/servicio\/wp-json\/wp\/v2\/product_cat?post=8270"},{"taxonomy":"product_tag","embeddable":true,"href":"https:\/\/servilimag.com\/servicio\/wp-json\/wp\/v2\/product_tag?post=8270"}],"curies":[{"name":"wp","href":"https:\/\/api.w.org\/{rel}","templated":true}]}}