{"id":8259,"date":"2020-11-20T18:13:36","date_gmt":"2020-11-20T23:13:36","guid":{"rendered":"https:\/\/www.pruebacoensa.geniografico.com\/product\/import-placeholder-for-3825\/"},"modified":"2020-11-20T18:13:40","modified_gmt":"2020-11-20T23:13:40","slug":"puerta-corredera-contraplacada","status":"publish","type":"product","link":"https:\/\/servilimag.com\/servicio\/product\/puerta-corredera-contraplacada\/","title":{"rendered":"Puerta Corredera Contraplacada"},"content":{"rendered":"<p><strong>PUERTAS CORREDERAS RESINDENCIALES:<\/strong><\/p>\n<p>Puertas correderas de 1 \u00f3 2 hojas construida con marco de tubo rectangular seg\u00fan dimensiones puerta.<\/p>\n<p>Varios acabados a elegir:<\/p>\n<ul>\n<li>Barroteras con barrotes verticales cada 120 mm. posibilidad adaptar z\u00f3calo inferior.<\/li>\n<li>Chapa acanalada galvanizada.<\/li>\n<li>Chapa lisa.<\/li>\n<li>Chapa perforada<\/li>\n<li>Forja art\u00edstica.<\/li>\n<\/ul>\n<p>Bajo pedido, diferentes modelos y fabricaci\u00f3n a medida seg\u00fan dise\u00f1o Arquitecto o cliente.<\/p>\n<p>Deslizamiento puerta mediante gu\u00eda inferior met\u00e1lica para collar con tacos met\u00e1licos o garras soldadas a gu\u00eda para su posterior montaje de paleta. Pilar y puente gu\u00eda construidos seg\u00fan dimensiones obra. Posibilidad de apertura manual o autom\u00e1tica seg\u00fan necesidades cliente.<\/p>\n<p><strong>PUERTAS CORREDERAS INDUSTRIALES:<\/strong><\/p>\n<p>Puertas correderas de 1 \u00f3 2 hojas construidas con marco de tubo rectangular seg\u00fan dimensiones puerta.<\/p>\n<p>Varios acabados a elegir:<\/p>\n<ul>\n<li>Barroteras con tubos verticales, cuadrados o rectangulares. Posibilidad z\u00f3calo inferior de chapa.<\/li>\n<li>Chapa acanalada galvanizada.<\/li>\n<li>Chapa lisa.<\/li>\n<li>Chapa perforada.<\/li>\n<li>Forja art\u00edstica.<\/li>\n<\/ul>\n<p>Bajo pedido, diferentes modelos y fabricaci\u00f3n a medida seg\u00fan dise\u00f1o Arquitecto o cliente.<\/p>\n<p>Deslizamiento puerta mediante gu\u00eda inferior met\u00e1lica para collar con tacos met\u00e1licos o garras soldadas a gu\u00eda para su posterior montaje de paleta. Pilar y puente gu\u00eda construidos seg\u00fan dimensiones obra. Posibilidad de apertura manual o autom\u00e1tica seg\u00fan necesidades cliente.<\/p>\n","protected":false},"excerpt":{"rendered":"<p>PUERTAS CORREDERAS RESINDENCIALES: Puertas correderas de 1 \u00f3 2 hojas construida con marco de tubo rectangular seg\u00fan dimensiones puerta. Varios<\/p>\n","protected":false},"featured_media":8289,"comment_status":"open","ping_status":"closed","template":"","meta":{"_joinchat":[]},"product_cat":[1458,1467,1457,1456],"product_tag":[1468],"yoast_head":"<!-- This site is optimized with the Yoast SEO plugin v19.11 - https:\/\/yoast.com\/wordpress\/plugins\/seo\/ -->\n<title>Puerta Corredera Contraplacada - SERVILIMAG<\/title>\n<meta name=\"robots\" content=\"index, follow, max-snippet:-1, max-image-preview:large, max-video-preview:-1\" \/>\n<link rel=\"canonical\" href=\"https:\/\/servilimag.com\/servicio\/product\/puerta-corredera-contraplacada\/\" \/>\n<meta property=\"og:locale\" content=\"es_ES\" \/>\n<meta property=\"og:type\" content=\"article\" \/>\n<meta property=\"og:title\" content=\"Puerta Corredera Contraplacada - SERVILIMAG\" \/>\n<meta property=\"og:description\" content=\"PUERTAS CORREDERAS RESINDENCIALES: Puertas correderas de 1 \u00f3 2 hojas construida con marco de tubo rectangular seg\u00fan dimensiones puerta. Varios\" \/>\n<meta property=\"og:url\" content=\"https:\/\/servilimag.com\/servicio\/product\/puerta-corredera-contraplacada\/\" \/>\n<meta property=\"og:site_name\" content=\"SERVILIMAG\" \/>\n<meta property=\"article:modified_time\" content=\"2020-11-20T23:13:40+00:00\" \/>\n<meta property=\"og:image\" content=\"https:\/\/servilimag.com\/servicio\/wp-content\/uploads\/2020\/11\/3.-PUERTA-CORREDERA-CONTRAPLACADA.jpg\" \/>\n\t<meta property=\"og:image:width\" content=\"500\" \/>\n\t<meta property=\"og:image:height\" content=\"500\" \/>\n\t<meta property=\"og:image:type\" content=\"image\/jpeg\" \/>\n<meta name=\"twitter:card\" content=\"summary_large_image\" \/>\n<meta name=\"twitter:label1\" content=\"Tiempo de lectura\" \/>\n\t<meta name=\"twitter:data1\" content=\"1 minuto\" \/>\n<script type=\"application\/ld+json\" class=\"yoast-schema-graph\">{\"@context\":\"https:\/\/schema.org\",\"@graph\":[{\"@type\":\"WebPage\",\"@id\":\"https:\/\/servilimag.com\/servicio\/product\/puerta-corredera-contraplacada\/\",\"url\":\"https:\/\/servilimag.com\/servicio\/product\/puerta-corredera-contraplacada\/\",\"name\":\"Puerta Corredera Contraplacada - SERVILIMAG\",\"isPartOf\":{\"@id\":\"https:\/\/servilimag.com\/servicio\/#website\"},\"datePublished\":\"2020-11-20T23:13:36+00:00\",\"dateModified\":\"2020-11-20T23:13:40+00:00\",\"breadcrumb\":{\"@id\":\"https:\/\/servilimag.com\/servicio\/product\/puerta-corredera-contraplacada\/#breadcrumb\"},\"inLanguage\":\"es\",\"potentialAction\":[{\"@type\":\"ReadAction\",\"target\":[\"https:\/\/servilimag.com\/servicio\/product\/puerta-corredera-contraplacada\/\"]}]},{\"@type\":\"BreadcrumbList\",\"@id\":\"https:\/\/servilimag.com\/servicio\/product\/puerta-corredera-contraplacada\/#breadcrumb\",\"itemListElement\":[{\"@type\":\"ListItem\",\"position\":1,\"name\":\"Portada\",\"item\":\"https:\/\/servilimag.com\/servicio\/\"},{\"@type\":\"ListItem\",\"position\":2,\"name\":\"Shop\",\"item\":\"https:\/\/servilimag.com\/servicio\/shop\/\"},{\"@type\":\"ListItem\",\"position\":3,\"name\":\"Puerta Corredera Contraplacada\"}]},{\"@type\":\"WebSite\",\"@id\":\"https:\/\/servilimag.com\/servicio\/#website\",\"url\":\"https:\/\/servilimag.com\/servicio\/\",\"name\":\"SERVILIMAG\",\"description\":\"Suministros y Servicios Integrales\",\"potentialAction\":[{\"@type\":\"SearchAction\",\"target\":{\"@type\":\"EntryPoint\",\"urlTemplate\":\"https:\/\/servilimag.com\/servicio\/?s={search_term_string}\"},\"query-input\":\"required name=search_term_string\"}],\"inLanguage\":\"es\"}]}<\/script>\n<!-- \/ Yoast SEO plugin. -->","yoast_head_json":{"title":"Puerta Corredera Contraplacada - SERVILIMAG","robots":{"index":"index","follow":"follow","max-snippet":"max-snippet:-1","max-image-preview":"max-image-preview:large","max-video-preview":"max-video-preview:-1"},"canonical":"https:\/\/servilimag.com\/servicio\/product\/puerta-corredera-contraplacada\/","og_locale":"es_ES","og_type":"article","og_title":"Puerta Corredera Contraplacada - SERVILIMAG","og_description":"PUERTAS CORREDERAS RESINDENCIALES: Puertas correderas de 1 \u00f3 2 hojas construida con marco de tubo rectangular seg\u00fan dimensiones puerta. Varios","og_url":"https:\/\/servilimag.com\/servicio\/product\/puerta-corredera-contraplacada\/","og_site_name":"SERVILIMAG","article_modified_time":"2020-11-20T23:13:40+00:00","og_image":[{"width":500,"height":500,"url":"https:\/\/servilimag.com\/servicio\/wp-content\/uploads\/2020\/11\/3.-PUERTA-CORREDERA-CONTRAPLACADA.jpg","type":"image\/jpeg"}],"twitter_card":"summary_large_image","twitter_misc":{"Tiempo de lectura":"1 minuto"},"schema":{"@context":"https:\/\/schema.org","@graph":[{"@type":"WebPage","@id":"https:\/\/servilimag.com\/servicio\/product\/puerta-corredera-contraplacada\/","url":"https:\/\/servilimag.com\/servicio\/product\/puerta-corredera-contraplacada\/","name":"Puerta Corredera Contraplacada - SERVILIMAG","isPartOf":{"@id":"https:\/\/servilimag.com\/servicio\/#website"},"datePublished":"2020-11-20T23:13:36+00:00","dateModified":"2020-11-20T23:13:40+00:00","breadcrumb":{"@id":"https:\/\/servilimag.com\/servicio\/product\/puerta-corredera-contraplacada\/#breadcrumb"},"inLanguage":"es","potentialAction":[{"@type":"ReadAction","target":["https:\/\/servilimag.com\/servicio\/product\/puerta-corredera-contraplacada\/"]}]},{"@type":"BreadcrumbList","@id":"https:\/\/servilimag.com\/servicio\/product\/puerta-corredera-contraplacada\/#breadcrumb","itemListElement":[{"@type":"ListItem","position":1,"name":"Portada","item":"https:\/\/servilimag.com\/servicio\/"},{"@type":"ListItem","position":2,"name":"Shop","item":"https:\/\/servilimag.com\/servicio\/shop\/"},{"@type":"ListItem","position":3,"name":"Puerta Corredera Contraplacada"}]},{"@type":"WebSite","@id":"https:\/\/servilimag.com\/servicio\/#website","url":"https:\/\/servilimag.com\/servicio\/","name":"SERVILIMAG","description":"Suministros y Servicios Integrales","potentialAction":[{"@type":"SearchAction","target":{"@type":"EntryPoint","urlTemplate":"https:\/\/servilimag.com\/servicio\/?s={search_term_string}"},"query-input":"required name=search_term_string"}],"inLanguage":"es"}]}},"_links":{"self":[{"href":"https:\/\/servilimag.com\/servicio\/wp-json\/wp\/v2\/product\/8259"}],"collection":[{"href":"https:\/\/servilimag.com\/servicio\/wp-json\/wp\/v2\/product"}],"about":[{"href":"https:\/\/servilimag.com\/servicio\/wp-json\/wp\/v2\/types\/product"}],"replies":[{"embeddable":true,"href":"https:\/\/servilimag.com\/servicio\/wp-json\/wp\/v2\/comments?post=8259"}],"wp:featuredmedia":[{"embeddable":true,"href":"https:\/\/servilimag.com\/servicio\/wp-json\/wp\/v2\/media\/8289"}],"wp:attachment":[{"href":"https:\/\/servilimag.com\/servicio\/wp-json\/wp\/v2\/media?parent=8259"}],"wp:term":[{"taxonomy":"product_cat","embeddable":true,"href":"https:\/\/servilimag.com\/servicio\/wp-json\/wp\/v2\/product_cat?post=8259"},{"taxonomy":"product_tag","embeddable":true,"href":"https:\/\/servilimag.com\/servicio\/wp-json\/wp\/v2\/product_tag?post=8259"}],"curies":[{"name":"wp","href":"https:\/\/api.w.org\/{rel}","templated":true}]}}