{"id":8170,"date":"2020-11-20T18:13:03","date_gmt":"2020-11-20T23:13:03","guid":{"rendered":"https:\/\/www.pruebacoensa.geniografico.com\/product\/import-placeholder-for-3762\/"},"modified":"2020-11-20T18:13:16","modified_gmt":"2020-11-20T23:13:16","slug":"escaleras-para-interiores-con-fierro-y-madera","status":"publish","type":"product","link":"https:\/\/servilimag.com\/servicio\/product\/escaleras-para-interiores-con-fierro-y-madera\/","title":{"rendered":"Escaleras para Interiores con Fierro y Madera"},"content":{"rendered":"<p>Escaleras met\u00e1licas interiores para edificios p\u00fablicos, comerciales, hoteles, viviendas, hospitales, etc.<\/p>\n<ul>\n<li>construidas combinando la seguridad y el dise\u00f1o, empleando los materiales m\u00e1s adecuados seg\u00fan el tipo de escalera.<\/li>\n<li>Pelda\u00f1os construidos en chapas de acero de diferentes huellas estriadas, avellanadas, cacahuete, pelda\u00f1os de vidrio pisable, madera, m\u00e1rmol, religas.<\/li>\n<li>Barandillas de protecci\u00f3n en hierro y acero inoxidable, de barrotes verticales o de tubos siguiendo la pendiente de la escalera, de chapa perforada, rejilla, deploye, cables de acero inoxidable, vidrio.<\/li>\n<\/ul>\n","protected":false},"excerpt":{"rendered":"<p>Escaleras met\u00e1licas interiores para edificios p\u00fablicos, comerciales, hoteles, viviendas, hospitales, etc. construidas combinando la seguridad y el dise\u00f1o, empleando los<\/p>\n","protected":false},"featured_media":8198,"comment_status":"open","ping_status":"closed","template":"","meta":{"_joinchat":[]},"product_cat":[1461,1457,1456],"product_tag":[1462],"yoast_head":"<!-- This site is optimized with the Yoast SEO plugin v19.11 - https:\/\/yoast.com\/wordpress\/plugins\/seo\/ -->\n<title>Escaleras para Interiores con Fierro y Madera - SERVILIMAG<\/title>\n<meta name=\"robots\" content=\"index, follow, max-snippet:-1, max-image-preview:large, max-video-preview:-1\" \/>\n<link rel=\"canonical\" href=\"https:\/\/servilimag.com\/servicio\/product\/escaleras-para-interiores-con-fierro-y-madera\/\" \/>\n<meta property=\"og:locale\" content=\"es_ES\" \/>\n<meta property=\"og:type\" content=\"article\" \/>\n<meta property=\"og:title\" content=\"Escaleras para Interiores con Fierro y Madera - SERVILIMAG\" \/>\n<meta property=\"og:description\" content=\"Escaleras met\u00e1licas interiores para edificios p\u00fablicos, comerciales, hoteles, viviendas, hospitales, etc. construidas combinando la seguridad y el dise\u00f1o, empleando los\" \/>\n<meta property=\"og:url\" content=\"https:\/\/servilimag.com\/servicio\/product\/escaleras-para-interiores-con-fierro-y-madera\/\" \/>\n<meta property=\"og:site_name\" content=\"SERVILIMAG\" \/>\n<meta property=\"article:modified_time\" content=\"2020-11-20T23:13:16+00:00\" \/>\n<meta property=\"og:image\" content=\"https:\/\/servilimag.com\/servicio\/wp-content\/uploads\/2020\/11\/3.-ESCALERAS-PARA-INTERIORES-CON-FIERRO-Y-MADERA.jpg\" \/>\n\t<meta property=\"og:image:width\" content=\"500\" \/>\n\t<meta property=\"og:image:height\" content=\"500\" \/>\n\t<meta property=\"og:image:type\" content=\"image\/jpeg\" \/>\n<meta name=\"twitter:card\" content=\"summary_large_image\" \/>\n<script type=\"application\/ld+json\" class=\"yoast-schema-graph\">{\"@context\":\"https:\/\/schema.org\",\"@graph\":[{\"@type\":\"WebPage\",\"@id\":\"https:\/\/servilimag.com\/servicio\/product\/escaleras-para-interiores-con-fierro-y-madera\/\",\"url\":\"https:\/\/servilimag.com\/servicio\/product\/escaleras-para-interiores-con-fierro-y-madera\/\",\"name\":\"Escaleras para Interiores con Fierro y Madera - SERVILIMAG\",\"isPartOf\":{\"@id\":\"https:\/\/servilimag.com\/servicio\/#website\"},\"datePublished\":\"2020-11-20T23:13:03+00:00\",\"dateModified\":\"2020-11-20T23:13:16+00:00\",\"breadcrumb\":{\"@id\":\"https:\/\/servilimag.com\/servicio\/product\/escaleras-para-interiores-con-fierro-y-madera\/#breadcrumb\"},\"inLanguage\":\"es\",\"potentialAction\":[{\"@type\":\"ReadAction\",\"target\":[\"https:\/\/servilimag.com\/servicio\/product\/escaleras-para-interiores-con-fierro-y-madera\/\"]}]},{\"@type\":\"BreadcrumbList\",\"@id\":\"https:\/\/servilimag.com\/servicio\/product\/escaleras-para-interiores-con-fierro-y-madera\/#breadcrumb\",\"itemListElement\":[{\"@type\":\"ListItem\",\"position\":1,\"name\":\"Portada\",\"item\":\"https:\/\/servilimag.com\/servicio\/\"},{\"@type\":\"ListItem\",\"position\":2,\"name\":\"Shop\",\"item\":\"https:\/\/servilimag.com\/servicio\/shop\/\"},{\"@type\":\"ListItem\",\"position\":3,\"name\":\"Escaleras para Interiores con Fierro y Madera\"}]},{\"@type\":\"WebSite\",\"@id\":\"https:\/\/servilimag.com\/servicio\/#website\",\"url\":\"https:\/\/servilimag.com\/servicio\/\",\"name\":\"SERVILIMAG\",\"description\":\"Suministros y Servicios Integrales\",\"potentialAction\":[{\"@type\":\"SearchAction\",\"target\":{\"@type\":\"EntryPoint\",\"urlTemplate\":\"https:\/\/servilimag.com\/servicio\/?s={search_term_string}\"},\"query-input\":\"required name=search_term_string\"}],\"inLanguage\":\"es\"}]}<\/script>\n<!-- \/ Yoast SEO plugin. -->","yoast_head_json":{"title":"Escaleras para Interiores con Fierro y Madera - SERVILIMAG","robots":{"index":"index","follow":"follow","max-snippet":"max-snippet:-1","max-image-preview":"max-image-preview:large","max-video-preview":"max-video-preview:-1"},"canonical":"https:\/\/servilimag.com\/servicio\/product\/escaleras-para-interiores-con-fierro-y-madera\/","og_locale":"es_ES","og_type":"article","og_title":"Escaleras para Interiores con Fierro y Madera - SERVILIMAG","og_description":"Escaleras met\u00e1licas interiores para edificios p\u00fablicos, comerciales, hoteles, viviendas, hospitales, etc. construidas combinando la seguridad y el dise\u00f1o, empleando los","og_url":"https:\/\/servilimag.com\/servicio\/product\/escaleras-para-interiores-con-fierro-y-madera\/","og_site_name":"SERVILIMAG","article_modified_time":"2020-11-20T23:13:16+00:00","og_image":[{"width":500,"height":500,"url":"https:\/\/servilimag.com\/servicio\/wp-content\/uploads\/2020\/11\/3.-ESCALERAS-PARA-INTERIORES-CON-FIERRO-Y-MADERA.jpg","type":"image\/jpeg"}],"twitter_card":"summary_large_image","schema":{"@context":"https:\/\/schema.org","@graph":[{"@type":"WebPage","@id":"https:\/\/servilimag.com\/servicio\/product\/escaleras-para-interiores-con-fierro-y-madera\/","url":"https:\/\/servilimag.com\/servicio\/product\/escaleras-para-interiores-con-fierro-y-madera\/","name":"Escaleras para Interiores con Fierro y Madera - SERVILIMAG","isPartOf":{"@id":"https:\/\/servilimag.com\/servicio\/#website"},"datePublished":"2020-11-20T23:13:03+00:00","dateModified":"2020-11-20T23:13:16+00:00","breadcrumb":{"@id":"https:\/\/servilimag.com\/servicio\/product\/escaleras-para-interiores-con-fierro-y-madera\/#breadcrumb"},"inLanguage":"es","potentialAction":[{"@type":"ReadAction","target":["https:\/\/servilimag.com\/servicio\/product\/escaleras-para-interiores-con-fierro-y-madera\/"]}]},{"@type":"BreadcrumbList","@id":"https:\/\/servilimag.com\/servicio\/product\/escaleras-para-interiores-con-fierro-y-madera\/#breadcrumb","itemListElement":[{"@type":"ListItem","position":1,"name":"Portada","item":"https:\/\/servilimag.com\/servicio\/"},{"@type":"ListItem","position":2,"name":"Shop","item":"https:\/\/servilimag.com\/servicio\/shop\/"},{"@type":"ListItem","position":3,"name":"Escaleras para Interiores con Fierro y Madera"}]},{"@type":"WebSite","@id":"https:\/\/servilimag.com\/servicio\/#website","url":"https:\/\/servilimag.com\/servicio\/","name":"SERVILIMAG","description":"Suministros y Servicios Integrales","potentialAction":[{"@type":"SearchAction","target":{"@type":"EntryPoint","urlTemplate":"https:\/\/servilimag.com\/servicio\/?s={search_term_string}"},"query-input":"required name=search_term_string"}],"inLanguage":"es"}]}},"_links":{"self":[{"href":"https:\/\/servilimag.com\/servicio\/wp-json\/wp\/v2\/product\/8170"}],"collection":[{"href":"https:\/\/servilimag.com\/servicio\/wp-json\/wp\/v2\/product"}],"about":[{"href":"https:\/\/servilimag.com\/servicio\/wp-json\/wp\/v2\/types\/product"}],"replies":[{"embeddable":true,"href":"https:\/\/servilimag.com\/servicio\/wp-json\/wp\/v2\/comments?post=8170"}],"wp:featuredmedia":[{"embeddable":true,"href":"https:\/\/servilimag.com\/servicio\/wp-json\/wp\/v2\/media\/8198"}],"wp:attachment":[{"href":"https:\/\/servilimag.com\/servicio\/wp-json\/wp\/v2\/media?parent=8170"}],"wp:term":[{"taxonomy":"product_cat","embeddable":true,"href":"https:\/\/servilimag.com\/servicio\/wp-json\/wp\/v2\/product_cat?post=8170"},{"taxonomy":"product_tag","embeddable":true,"href":"https:\/\/servilimag.com\/servicio\/wp-json\/wp\/v2\/product_tag?post=8170"}],"curies":[{"name":"wp","href":"https:\/\/api.w.org\/{rel}","templated":true}]}}