{"id":9154,"date":"2017-07-06T12:24:12","date_gmt":"2017-07-06T17:24:12","guid":{"rendered":"http:\/\/www.servilimag.com\/?page_id=4510"},"modified":"2017-07-06T12:24:12","modified_gmt":"2017-07-06T17:24:12","slug":"limpieza-hoteles","status":"publish","type":"page","link":"https:\/\/servilimag.com\/servicio\/limpieza-hoteles\/","title":{"rendered":"Limpieza de Hoteles"},"content":{"rendered":"<p>[metaslider id=4631]<\/p>\n<div id=\"quienes-somos\">\n<div class=\"nosotros-titulo\">\n    Servicio de Limpieza de Hoteles\n  <\/div>\n<div class=\"boton-titulo\">\n    <a class=\"link-titulo\" onclick=\"mostrar()\"><i class=\"fa fa-shopping-cart\" aria-hidden=\"true\"><\/i>Cotizar<\/a>\n  <\/div>\n<div id=\"content-parrafo-econocopy\">\n<div class=\"parrafo-econocopy\">\nEn la industria hotelera, la limpieza es el factor m\u00e1s importante al momento de ser calificado por el hu\u00e9sped. Un hotel puede contar con instalaciones y servicios de excelente calidad. Pero un aseo descuidado nos dar\u00e1 una p\u00e9sima imagen de su atenci\u00f3n.<\/p>\n<p>Nosotros nos encargamos de garantizarle un buen servicio en limpieza \u00e1gil pero profunda, de manera que el hu\u00e9sped goce de altas condiciones de higiene sin causar molestias ni preocupaciones por sus objetos personales.<\/p><\/div><\/div>\n<\/div>\n<div id=\"invisible\" class=\"application_details2\">\n  [contact-form-7 404 \"No encontrado\"]<\/p>\n<div class=\"cerrar\">\n    <a class=\"botoncerrar\" href=\"#\" onclick=\"cerrar()\"><i class=\"fa fa-times\" aria-hidden=\"true\"><\/i><\/a>\n  <\/div>\n<\/div>\n<div id=\"sombrafondo\"><\/div>\n","protected":false},"excerpt":{"rendered":"<p>[metaslider id=4631] Servicio de Limpieza de Hoteles Cotizar En la industria hotelera, la limpieza es el factor m\u00e1s importante al<\/p>\n","protected":false},"author":85,"featured_media":0,"parent":0,"menu_order":0,"comment_status":"closed","ping_status":"closed","template":"","meta":{"_joinchat":[]},"yoast_head":"<!-- This site is optimized with the Yoast SEO plugin v19.11 - https:\/\/yoast.com\/wordpress\/plugins\/seo\/ -->\n<title>Limpieza de Hoteles - SERVILIMAG<\/title>\n<meta name=\"robots\" content=\"index, follow, max-snippet:-1, max-image-preview:large, max-video-preview:-1\" \/>\n<link rel=\"canonical\" href=\"https:\/\/servilimag.com\/servicio\/limpieza-hoteles\/\" \/>\n<meta property=\"og:locale\" content=\"es_ES\" \/>\n<meta property=\"og:type\" content=\"article\" \/>\n<meta property=\"og:title\" content=\"Limpieza de Hoteles - SERVILIMAG\" \/>\n<meta property=\"og:description\" content=\"[metaslider id=4631] Servicio de Limpieza de Hoteles Cotizar En la industria hotelera, la limpieza es el factor m\u00e1s importante al\" \/>\n<meta property=\"og:url\" content=\"https:\/\/servilimag.com\/servicio\/limpieza-hoteles\/\" \/>\n<meta property=\"og:site_name\" content=\"SERVILIMAG\" \/>\n<meta name=\"twitter:card\" content=\"summary_large_image\" \/>\n<script type=\"application\/ld+json\" class=\"yoast-schema-graph\">{\"@context\":\"https:\/\/schema.org\",\"@graph\":[{\"@type\":\"WebPage\",\"@id\":\"https:\/\/servilimag.com\/servicio\/limpieza-hoteles\/\",\"url\":\"https:\/\/servilimag.com\/servicio\/limpieza-hoteles\/\",\"name\":\"Limpieza de Hoteles - SERVILIMAG\",\"isPartOf\":{\"@id\":\"https:\/\/servilimag.com\/servicio\/#website\"},\"datePublished\":\"2017-07-06T17:24:12+00:00\",\"dateModified\":\"2017-07-06T17:24:12+00:00\",\"breadcrumb\":{\"@id\":\"https:\/\/servilimag.com\/servicio\/limpieza-hoteles\/#breadcrumb\"},\"inLanguage\":\"es\",\"potentialAction\":[{\"@type\":\"ReadAction\",\"target\":[\"https:\/\/servilimag.com\/servicio\/limpieza-hoteles\/\"]}]},{\"@type\":\"BreadcrumbList\",\"@id\":\"https:\/\/servilimag.com\/servicio\/limpieza-hoteles\/#breadcrumb\",\"itemListElement\":[{\"@type\":\"ListItem\",\"position\":1,\"name\":\"Portada\",\"item\":\"https:\/\/servilimag.com\/servicio\/\"},{\"@type\":\"ListItem\",\"position\":2,\"name\":\"Limpieza de Hoteles\"}]},{\"@type\":\"WebSite\",\"@id\":\"https:\/\/servilimag.com\/servicio\/#website\",\"url\":\"https:\/\/servilimag.com\/servicio\/\",\"name\":\"SERVILIMAG\",\"description\":\"Suministros y Servicios Integrales\",\"potentialAction\":[{\"@type\":\"SearchAction\",\"target\":{\"@type\":\"EntryPoint\",\"urlTemplate\":\"https:\/\/servilimag.com\/servicio\/?s={search_term_string}\"},\"query-input\":\"required name=search_term_string\"}],\"inLanguage\":\"es\"}]}<\/script>\n<!-- \/ Yoast SEO plugin. -->","yoast_head_json":{"title":"Limpieza de Hoteles - SERVILIMAG","robots":{"index":"index","follow":"follow","max-snippet":"max-snippet:-1","max-image-preview":"max-image-preview:large","max-video-preview":"max-video-preview:-1"},"canonical":"https:\/\/servilimag.com\/servicio\/limpieza-hoteles\/","og_locale":"es_ES","og_type":"article","og_title":"Limpieza de Hoteles - SERVILIMAG","og_description":"[metaslider id=4631] Servicio de Limpieza de Hoteles Cotizar En la industria hotelera, la limpieza es el factor m\u00e1s importante al","og_url":"https:\/\/servilimag.com\/servicio\/limpieza-hoteles\/","og_site_name":"SERVILIMAG","twitter_card":"summary_large_image","schema":{"@context":"https:\/\/schema.org","@graph":[{"@type":"WebPage","@id":"https:\/\/servilimag.com\/servicio\/limpieza-hoteles\/","url":"https:\/\/servilimag.com\/servicio\/limpieza-hoteles\/","name":"Limpieza de Hoteles - SERVILIMAG","isPartOf":{"@id":"https:\/\/servilimag.com\/servicio\/#website"},"datePublished":"2017-07-06T17:24:12+00:00","dateModified":"2017-07-06T17:24:12+00:00","breadcrumb":{"@id":"https:\/\/servilimag.com\/servicio\/limpieza-hoteles\/#breadcrumb"},"inLanguage":"es","potentialAction":[{"@type":"ReadAction","target":["https:\/\/servilimag.com\/servicio\/limpieza-hoteles\/"]}]},{"@type":"BreadcrumbList","@id":"https:\/\/servilimag.com\/servicio\/limpieza-hoteles\/#breadcrumb","itemListElement":[{"@type":"ListItem","position":1,"name":"Portada","item":"https:\/\/servilimag.com\/servicio\/"},{"@type":"ListItem","position":2,"name":"Limpieza de Hoteles"}]},{"@type":"WebSite","@id":"https:\/\/servilimag.com\/servicio\/#website","url":"https:\/\/servilimag.com\/servicio\/","name":"SERVILIMAG","description":"Suministros y Servicios Integrales","potentialAction":[{"@type":"SearchAction","target":{"@type":"EntryPoint","urlTemplate":"https:\/\/servilimag.com\/servicio\/?s={search_term_string}"},"query-input":"required name=search_term_string"}],"inLanguage":"es"}]}},"_links":{"self":[{"href":"https:\/\/servilimag.com\/servicio\/wp-json\/wp\/v2\/pages\/9154"}],"collection":[{"href":"https:\/\/servilimag.com\/servicio\/wp-json\/wp\/v2\/pages"}],"about":[{"href":"https:\/\/servilimag.com\/servicio\/wp-json\/wp\/v2\/types\/page"}],"author":[{"embeddable":true,"href":"https:\/\/servilimag.com\/servicio\/wp-json\/wp\/v2\/users\/85"}],"replies":[{"embeddable":true,"href":"https:\/\/servilimag.com\/servicio\/wp-json\/wp\/v2\/comments?post=9154"}],"version-history":[{"count":0,"href":"https:\/\/servilimag.com\/servicio\/wp-json\/wp\/v2\/pages\/9154\/revisions"}],"wp:attachment":[{"href":"https:\/\/servilimag.com\/servicio\/wp-json\/wp\/v2\/media?parent=9154"}],"curies":[{"name":"wp","href":"https:\/\/api.w.org\/{rel}","templated":true}]}}