{"id":10896,"date":"2021-06-11T15:31:40","date_gmt":"2021-06-11T20:31:40","guid":{"rendered":"https:\/\/servilimag.com\/servicio\/?page_id=10896"},"modified":"2022-03-12T11:09:19","modified_gmt":"2022-03-12T16:09:19","slug":"servicio-de-redes-y-conectividad","status":"publish","type":"page","link":"https:\/\/servilimag.com\/servicio\/servicio-de-redes-y-conectividad\/","title":{"rendered":"Servicio de Redes y Conectividad"},"content":{"rendered":"\t\t<div data-elementor-type=\"wp-page\" data-elementor-id=\"10896\" class=\"elementor elementor-10896\">\n\t\t\t\t\t\t\t\t\t<section class=\"elementor-section elementor-top-section elementor-element elementor-element-11cf5d7b elementor-section-boxed elementor-section-height-default elementor-section-height-default\" data-id=\"11cf5d7b\" data-element_type=\"section\">\n\t\t\t\t\t\t<div class=\"elementor-container elementor-column-gap-default\">\n\t\t\t\t\t<div class=\"elementor-column elementor-col-100 elementor-top-column elementor-element elementor-element-67e8468\" data-id=\"67e8468\" data-element_type=\"column\">\n\t\t\t<div class=\"elementor-widget-wrap elementor-element-populated\">\n\t\t\t\t\t\t\t\t<div class=\"elementor-element elementor-element-c0f0e4c elementor-widget elementor-widget-heading\" data-id=\"c0f0e4c\" data-element_type=\"widget\" data-widget_type=\"heading.default\">\n\t\t\t\t<div class=\"elementor-widget-container\">\n\t\t\t<h2 class=\"elementor-heading-title elementor-size-default\"><h5 style=\"margin-bottom: 0px; padding: 0.35em; font-variant-ligatures: normal; font-variant-caps: normal; line-height: 1.1; font-family: arial; font-size: 14px; white-space: normal; background-color: rgb(30, 120, 30); text-align: center;\"><font color=\"#ffffff\"><span style=\"font-weight: 400;\"><i> REDES Y CONECTIVIDAD<\/i><\/span><\/font><span style=\"color: rgb(34, 34, 34); font-style: normal; font-weight: 500;\"><\/span><\/h5><\/h2>\t\t<\/div>\n\t\t\t\t<\/div>\n\t\t\t\t\t<\/div>\n\t\t<\/div>\n\t\t\t\t\t\t\t<\/div>\n\t\t<\/section>\n\t\t\t\t<section class=\"elementor-section elementor-top-section elementor-element elementor-element-287337d elementor-section-boxed elementor-section-height-default elementor-section-height-default\" data-id=\"287337d\" data-element_type=\"section\">\n\t\t\t\t\t\t<div class=\"elementor-container elementor-column-gap-default\">\n\t\t\t\t\t<div class=\"elementor-column elementor-col-50 elementor-top-column elementor-element elementor-element-8535d16\" data-id=\"8535d16\" data-element_type=\"column\">\n\t\t\t<div class=\"elementor-widget-wrap elementor-element-populated\">\n\t\t\t\t\t\t\t\t<div class=\"elementor-element elementor-element-a1fd431 elementor-widget elementor-widget-heading\" data-id=\"a1fd431\" data-element_type=\"widget\" data-widget_type=\"heading.default\">\n\t\t\t\t<div class=\"elementor-widget-container\">\n\t\t\t<h2 class=\"elementor-heading-title elementor-size-default\"><h5 style=\"margin-bottom: 0px; padding: 0.35em; font-variant-ligatures: normal; font-variant-caps: normal; line-height: 1.1; font-family: arial; font-size: 14px; white-space: normal; background-color: rgb(30, 120, 30); text-align: center;\"><font color=\"#ffffff\"><span style=\"font-weight: 400;\"><i>CABLEADO ESTRUCTURADO<\/i><\/span><\/font><span style=\"color: rgb(34, 34, 34); font-style: normal; font-weight: 500;\"><\/span><\/h5><\/h2>\t\t<\/div>\n\t\t\t\t<\/div>\n\t\t\t\t<div class=\"elementor-element elementor-element-b3519d2 elementor-widget elementor-widget-text-editor\" data-id=\"b3519d2\" data-element_type=\"widget\" data-widget_type=\"text-editor.default\">\n\t\t\t\t<div class=\"elementor-widget-container\">\n\t\t\t\t\t\t\t<p>\u00a0Instalamos y brindamos servicios de<strong>\u00a0cableado estructurado\u00a0<\/strong>de Voz y Datos. Ofrecemos soluciones integrales como sistemas de gabinetes, organizadores de cables para centros de datos, salas para equipos de telecomunicaciones y aplicaciones de cableado empresarial e industrial<\/p>\t\t\t\t\t\t<\/div>\n\t\t\t\t<\/div>\n\t\t\t\t<div class=\"elementor-element elementor-element-65b4ef8 elementor-widget elementor-widget-button\" data-id=\"65b4ef8\" data-element_type=\"widget\" data-widget_type=\"button.default\">\n\t\t\t\t<div class=\"elementor-widget-container\">\n\t\t\t\t\t<div class=\"elementor-button-wrapper\">\n\t\t\t<a href=\"https:\/\/servilimag.com\/servicio\/contacto\/\" class=\"elementor-button-link elementor-button elementor-size-sm\" role=\"button\">\n\t\t\t\t\t\t<span class=\"elementor-button-content-wrapper\">\n\t\t\t\t\t\t<span class=\"elementor-button-text\">PEDIR COTIZACI\u00d3N<\/span>\n\t\t<\/span>\n\t\t\t\t\t<\/a>\n\t\t<\/div>\n\t\t\t\t<\/div>\n\t\t\t\t<\/div>\n\t\t\t\t\t<\/div>\n\t\t<\/div>\n\t\t\t\t<div class=\"elementor-column elementor-col-50 elementor-top-column elementor-element elementor-element-3f20112\" data-id=\"3f20112\" data-element_type=\"column\">\n\t\t\t<div class=\"elementor-widget-wrap elementor-element-populated\">\n\t\t\t\t\t\t\t\t<div class=\"elementor-element elementor-element-8766b6c elementor-widget elementor-widget-heading\" data-id=\"8766b6c\" data-element_type=\"widget\" data-widget_type=\"heading.default\">\n\t\t\t\t<div class=\"elementor-widget-container\">\n\t\t\t<h2 class=\"elementor-heading-title elementor-size-default\"><h5 style=\"margin-bottom: 0px; padding: 0.35em; font-variant-ligatures: normal; font-variant-caps: normal; line-height: 1.1; font-family: arial; font-size: 14px; white-space: normal; background-color: rgb(30, 120, 30); text-align: center;\"><font color=\"#ffffff\"><span style=\"font-weight: 400;\"><i>SOPORTE Y MANTENIMIENTO PREVENTIVO<\/i><\/span><\/font><span style=\"color: rgb(34, 34, 34); font-style: normal; font-weight: 500;\"><\/span><\/h5><\/h2>\t\t<\/div>\n\t\t\t\t<\/div>\n\t\t\t\t<div class=\"elementor-element elementor-element-7c52951 elementor-widget elementor-widget-text-editor\" data-id=\"7c52951\" data-element_type=\"widget\" data-widget_type=\"text-editor.default\">\n\t\t\t\t<div class=\"elementor-widget-container\">\n\t\t\t\t\t\t\t<p>Nuestro\u00a0<strong>servicio de mantenimiento<\/strong>, es correctivo, en caso de una incidencia, pero sobre todo es preventivo, trabajando constantemente y de forma anticipada para minimizar el n\u00famero de incidencias; con estos <strong>controles peri\u00f3dicos<\/strong> se consigue reducir una parada repentina del equipo<\/p>\t\t\t\t\t\t<\/div>\n\t\t\t\t<\/div>\n\t\t\t\t<div class=\"elementor-element elementor-element-8ca6926 elementor-widget elementor-widget-button\" data-id=\"8ca6926\" data-element_type=\"widget\" data-widget_type=\"button.default\">\n\t\t\t\t<div class=\"elementor-widget-container\">\n\t\t\t\t\t<div class=\"elementor-button-wrapper\">\n\t\t\t<a href=\"https:\/\/servilimag.com\/servicio\/contacto\/\" class=\"elementor-button-link elementor-button elementor-size-sm\" role=\"button\">\n\t\t\t\t\t\t<span class=\"elementor-button-content-wrapper\">\n\t\t\t\t\t\t<span class=\"elementor-button-text\">PEDIR COTIZACI\u00d3N<\/span>\n\t\t<\/span>\n\t\t\t\t\t<\/a>\n\t\t<\/div>\n\t\t\t\t<\/div>\n\t\t\t\t<\/div>\n\t\t\t\t\t<\/div>\n\t\t<\/div>\n\t\t\t\t\t\t\t<\/div>\n\t\t<\/section>\n\t\t\t\t<section class=\"elementor-section elementor-top-section elementor-element elementor-element-77055a0 elementor-section-boxed elementor-section-height-default elementor-section-height-default\" data-id=\"77055a0\" data-element_type=\"section\">\n\t\t\t\t\t\t<div class=\"elementor-container elementor-column-gap-default\">\n\t\t\t\t\t<div class=\"elementor-column elementor-col-50 elementor-top-column elementor-element elementor-element-d1bde0f\" data-id=\"d1bde0f\" data-element_type=\"column\">\n\t\t\t<div class=\"elementor-widget-wrap elementor-element-populated\">\n\t\t\t\t\t\t\t\t<div class=\"elementor-element elementor-element-15beb36 elementor-widget elementor-widget-heading\" data-id=\"15beb36\" data-element_type=\"widget\" data-widget_type=\"heading.default\">\n\t\t\t\t<div class=\"elementor-widget-container\">\n\t\t\t<h2 class=\"elementor-heading-title elementor-size-default\"><h5 style=\"margin-bottom: 0px; padding: 0.35em; font-variant-ligatures: normal; font-variant-caps: normal; line-height: 1.1; font-family: arial; font-size: 14px; white-space: normal; background-color: rgb(30, 120, 30); text-align: center;\"><font color=\"#ffffff\"><span style=\"font-weight: 400;\"><i>REDES INALAMBRICA WI-FI<\/i><\/span><\/font><span style=\"color: rgb(34, 34, 34); font-style: normal; font-weight: 500;\"><\/span><\/h5><\/h2>\t\t<\/div>\n\t\t\t\t<\/div>\n\t\t\t\t<div class=\"elementor-element elementor-element-dc8d1e3 elementor-widget elementor-widget-text-editor\" data-id=\"dc8d1e3\" data-element_type=\"widget\" data-widget_type=\"text-editor.default\">\n\t\t\t\t<div class=\"elementor-widget-container\">\n\t\t\t\t\t\t\t<p>Realizamos y ejecutamos estudios de necesidades y cobertura del sitio, analizando interferencias y anidaciones de infraestructuras y dispositivos existentes que puedan incidir sobre su servicio e instalaciones de Redes Inal\u00e1mbricas<\/p>\t\t\t\t\t\t<\/div>\n\t\t\t\t<\/div>\n\t\t\t\t<div class=\"elementor-element elementor-element-4618a11 elementor-widget elementor-widget-button\" data-id=\"4618a11\" data-element_type=\"widget\" data-widget_type=\"button.default\">\n\t\t\t\t<div class=\"elementor-widget-container\">\n\t\t\t\t\t<div class=\"elementor-button-wrapper\">\n\t\t\t<a href=\"https:\/\/servilimag.com\/servicio\/contacto\/\" class=\"elementor-button-link elementor-button elementor-size-sm\" role=\"button\">\n\t\t\t\t\t\t<span class=\"elementor-button-content-wrapper\">\n\t\t\t\t\t\t<span class=\"elementor-button-text\">PEDIR COTIZACI\u00d3N<\/span>\n\t\t<\/span>\n\t\t\t\t\t<\/a>\n\t\t<\/div>\n\t\t\t\t<\/div>\n\t\t\t\t<\/div>\n\t\t\t\t\t<\/div>\n\t\t<\/div>\n\t\t\t\t<div class=\"elementor-column elementor-col-50 elementor-top-column elementor-element elementor-element-93f23c1\" data-id=\"93f23c1\" data-element_type=\"column\">\n\t\t\t<div class=\"elementor-widget-wrap elementor-element-populated\">\n\t\t\t\t\t\t\t\t<div class=\"elementor-element elementor-element-1931619 elementor-widget elementor-widget-heading\" data-id=\"1931619\" data-element_type=\"widget\" data-widget_type=\"heading.default\">\n\t\t\t\t<div class=\"elementor-widget-container\">\n\t\t\t<h2 class=\"elementor-heading-title elementor-size-default\"><h5 style=\"margin-bottom: 0px; padding: 0.35em; font-variant-ligatures: normal; font-variant-caps: normal; line-height: 1.1; font-family: arial; font-size: 14px; white-space: normal; background-color: rgb(30, 120, 30); text-align: center;\"><font color=\"#ffffff\"><span style=\"font-weight: 400;\"><i>REPARACION Y MANTENIMIENTO DE PC'S - LAPTOP<\/i><\/span><\/font><span style=\"color: rgb(34, 34, 34); font-style: normal; font-weight: 500;\"><\/span><\/h5><\/h2>\t\t<\/div>\n\t\t\t\t<\/div>\n\t\t\t\t<div class=\"elementor-element elementor-element-633e57d elementor-widget elementor-widget-text-editor\" data-id=\"633e57d\" data-element_type=\"widget\" data-widget_type=\"text-editor.default\">\n\t\t\t\t<div class=\"elementor-widget-container\">\n\t\t\t\t\t\t\t<p>Te ofrecemos las soluciones m\u00e1s adecuadas a tus necesidades, adem\u00e1s de asesorarte en las mejores alternativas en hardware y software. Realizamos ensamblaje, reparaci\u00f3n y mantenimiento de computadoras. Instalamos redes de Pc\u2019s, con calidad profesional.<\/p>\t\t\t\t\t\t<\/div>\n\t\t\t\t<\/div>\n\t\t\t\t<div class=\"elementor-element elementor-element-b0b74d9 elementor-widget elementor-widget-button\" data-id=\"b0b74d9\" data-element_type=\"widget\" data-widget_type=\"button.default\">\n\t\t\t\t<div class=\"elementor-widget-container\">\n\t\t\t\t\t<div class=\"elementor-button-wrapper\">\n\t\t\t<a href=\"https:\/\/servilimag.com\/servicio\/contacto\/\" class=\"elementor-button-link elementor-button elementor-size-sm\" role=\"button\">\n\t\t\t\t\t\t<span class=\"elementor-button-content-wrapper\">\n\t\t\t\t\t\t<span class=\"elementor-button-text\">PEDIR COTIZACI\u00d3N<\/span>\n\t\t<\/span>\n\t\t\t\t\t<\/a>\n\t\t<\/div>\n\t\t\t\t<\/div>\n\t\t\t\t<\/div>\n\t\t\t\t\t<\/div>\n\t\t<\/div>\n\t\t\t\t\t\t\t<\/div>\n\t\t<\/section>\n\t\t\t\t<section class=\"elementor-section elementor-top-section elementor-element elementor-element-661bd7f elementor-section-boxed elementor-section-height-default elementor-section-height-default\" data-id=\"661bd7f\" data-element_type=\"section\">\n\t\t\t\t\t\t<div class=\"elementor-container elementor-column-gap-default\">\n\t\t\t\t\t\t\t\t<\/div>\n\t\t<\/section>\n\t\t\t\t<section class=\"elementor-section elementor-top-section elementor-element elementor-element-fa7076b elementor-section-boxed elementor-section-height-default elementor-section-height-default\" data-id=\"fa7076b\" data-element_type=\"section\">\n\t\t\t\t\t\t<div class=\"elementor-container elementor-column-gap-default\">\n\t\t\t\t\t<div class=\"elementor-column elementor-col-100 elementor-top-column elementor-element elementor-element-4cafce1\" data-id=\"4cafce1\" data-element_type=\"column\">\n\t\t\t<div class=\"elementor-widget-wrap elementor-element-populated\">\n\t\t\t\t\t\t\t\t<div class=\"elementor-element elementor-element-b4fa040 elementor-widget elementor-widget-heading\" data-id=\"b4fa040\" data-element_type=\"widget\" data-widget_type=\"heading.default\">\n\t\t\t\t<div class=\"elementor-widget-container\">\n\t\t\t<h2 class=\"elementor-heading-title elementor-size-default\"><h5 style=\"margin-bottom: 0px; padding: 0.35em; font-variant-ligatures: normal; font-variant-caps: normal; line-height: 1.1; font-family: arial; font-size: 14px; white-space: normal; background-color: rgb(30, 120, 30); text-align: center;\"><font color=\"#ffffff\"><span style=\"font-weight: 400;\"><i>MESA DE AYUDA<\/i><\/span><\/font><span style=\"color: rgb(34, 34, 34); font-style: normal; font-weight: 500;\"><\/span><\/h5><\/h2>\t\t<\/div>\n\t\t\t\t<\/div>\n\t\t\t\t<div class=\"elementor-element elementor-element-ff5bac0 elementor-widget elementor-widget-text-editor\" data-id=\"ff5bac0\" data-element_type=\"widget\" data-widget_type=\"text-editor.default\">\n\t\t\t\t<div class=\"elementor-widget-container\">\n\t\t\t\t\t\t\t<p>Ofrecemos nuestra amplia gama de servicios orientados a satisfacer las necesidades inform\u00e1ticas como: <strong>Soporte t\u00e9cnico para software \u2013 Sistemas Operativos \u2013 Antivirus, Soporte t\u00e9cnico para aplicaciones, Soporte t\u00e9cnico para equipos, Soporte t\u00e9cnico para perif\u00e9ricos, Soporte t\u00e9cnico para componentes de PC, Gesti\u00f3n de Altas y Ceses de usuarios y Gesti\u00f3n de Accesos<\/strong><\/p>\t\t\t\t\t\t<\/div>\n\t\t\t\t<\/div>\n\t\t\t\t<div class=\"elementor-element elementor-element-a6de18d elementor-widget elementor-widget-button\" data-id=\"a6de18d\" data-element_type=\"widget\" data-widget_type=\"button.default\">\n\t\t\t\t<div class=\"elementor-widget-container\">\n\t\t\t\t\t<div class=\"elementor-button-wrapper\">\n\t\t\t<a href=\"https:\/\/servilimag.com\/servicio\/contacto\/\" class=\"elementor-button-link elementor-button elementor-size-sm\" role=\"button\">\n\t\t\t\t\t\t<span class=\"elementor-button-content-wrapper\">\n\t\t\t\t\t\t<span class=\"elementor-button-text\">PEDIR COTIZACI\u00d3N<\/span>\n\t\t<\/span>\n\t\t\t\t\t<\/a>\n\t\t<\/div>\n\t\t\t\t<\/div>\n\t\t\t\t<\/div>\n\t\t\t\t\t<\/div>\n\t\t<\/div>\n\t\t\t\t\t\t\t<\/div>\n\t\t<\/section>\n\t\t\t\t<section class=\"elementor-section elementor-top-section elementor-element elementor-element-9c1bb45 elementor-section-boxed elementor-section-height-default elementor-section-height-default\" data-id=\"9c1bb45\" data-element_type=\"section\">\n\t\t\t\t\t\t<div class=\"elementor-container elementor-column-gap-default\">\n\t\t\t\t\t<div class=\"elementor-column elementor-col-100 elementor-top-column elementor-element elementor-element-9444c03\" data-id=\"9444c03\" data-element_type=\"column\">\n\t\t\t<div class=\"elementor-widget-wrap elementor-element-populated\">\n\t\t\t\t\t\t\t\t<div class=\"elementor-element elementor-element-1f6bb62 elementor-widget elementor-widget-image\" data-id=\"1f6bb62\" data-element_type=\"widget\" data-widget_type=\"image.default\">\n\t\t\t\t<div class=\"elementor-widget-container\">\n\t\t\t\t\t\t\t\t\t\t\t\t\t\t\t<img decoding=\"async\" width=\"1024\" height=\"358\" src=\"image\/jpg;base64,\/9j\/4AAQSkZJRgABAQAAAQABAAD\/\/gAfQ29tcHJlc3NlZCBieSBqcGVnLXJlY29tcHJlc3P\/2wBDAAYEBAUEBAYFBQUGBgYHCQ4JCQgICRINDQoOFRIWFhUSFBQXGiEcFxgfGRQUHScdHyIjJSUlFhwpLCgkKyEkJST\/2wBDAQYGBgkICREJCREkGBQYJCQkJCQkJCQkJCQkJCQkJCQkJCQkJCQkJCQkJCQkJCQkJCQkJCQkJCQkJCQkJCQkJCT\/wAARCAAKAB0DASIAAhEBAxEB\/8QAFwAAAwEAAAAAAAAAAAAAAAAABAUIB\/\/EACcQAAEDBAEDAwUAAAAAAAAAAAECAwQABREhBgcxQRITIiMyUXGh\/8QAFgEBAQEAAAAAAAAAAAAAAAAABQMG\/8QAHREAAgIDAAMAAAAAAAAAAAAAAQIAAxESIQQxcf\/aAAwDAQACEQMRAD8AVcf6OTJ8VMpFybcEjH0FpUSAMaJ\/AwBR3JOinJbJblyYCI8r3CSltraG07OCDs+PBzQnQO4TJMGWh+U+6lvAQFuFQT+snVDc\/wCS3xqzyUN3m4oSJTiQEyVgABZ137U43lWo2oPPkzVVKOCX6RMsm8Qnx3XWm1yI\/s6dkyW1NtlYG0AYJ1SK9QJdiXGQ4\/61SWQ+FNL0UkkA\/wAPeqP5s65K6MF59xbrpWz81n1K+4eTUxvfIpKt6xuoElk2z3MVqIZvU\/\/Z\" class=\"attachment-large size-large woodmart-lazy-load woodmart-lazy-fade\" alt=\"\" srcset=\"\" sizes=\"(max-width: 1024px) 100vw, 1024px\" data-wood-src=\"https:\/\/servilimag.com\/servicio\/wp-content\/uploads\/2021\/06\/conectividad-banner-1024x358-1.jpg\" data-srcset=\"https:\/\/servilimag.com\/servicio\/wp-content\/uploads\/2021\/06\/conectividad-banner-1024x358-1.jpg 1024w, https:\/\/servilimag.com\/servicio\/wp-content\/uploads\/2021\/06\/conectividad-banner-1024x358-1-300x105.jpg 300w, https:\/\/servilimag.com\/servicio\/wp-content\/uploads\/2021\/06\/conectividad-banner-1024x358-1-768x269.jpg 768w, https:\/\/servilimag.com\/servicio\/wp-content\/uploads\/2021\/06\/conectividad-banner-1024x358-1-600x210.jpg 600w\" \/>\t\t\t\t\t\t\t\t\t\t\t\t\t\t\t<\/div>\n\t\t\t\t<\/div>\n\t\t\t\t\t<\/div>\n\t\t<\/div>\n\t\t\t\t\t\t\t<\/div>\n\t\t<\/section>\n\t\t\t\t\t\t\t<\/div>\n\t\t","protected":false},"excerpt":{"rendered":"<p>REDES Y CONECTIVIDAD CABLEADO ESTRUCTURADO Instalamos y brindamos servicios de\u00a0cableado estructurado\u00a0de Voz y Datos. Ofrecemos soluciones integrales como sistemas de<\/p>\n","protected":false},"author":1,"featured_media":0,"parent":0,"menu_order":0,"comment_status":"closed","ping_status":"closed","template":"","meta":{"_joinchat":[]},"yoast_head":"<!-- This site is optimized with the Yoast SEO plugin v19.11 - https:\/\/yoast.com\/wordpress\/plugins\/seo\/ -->\n<title>Servicio de Redes y Conectividad y Conectividad - Equipos- SERVILIMAG<\/title>\n<meta name=\"description\" content=\"Redes y conectividad, Nuestro servicio de mantenimiento, es correctivo, en caso de una incidencia, pero sobre todo es preventivo\" \/>\n<meta name=\"robots\" content=\"index, follow, max-snippet:-1, max-image-preview:large, max-video-preview:-1\" \/>\n<link rel=\"canonical\" href=\"https:\/\/servilimag.com\/servicio\/servicio-de-redes-y-conectividad\/\" \/>\n<meta property=\"og:locale\" content=\"es_ES\" \/>\n<meta property=\"og:type\" content=\"article\" \/>\n<meta property=\"og:title\" content=\"Servicio de Redes y Conectividad y Conectividad - Equipos- SERVILIMAG\" \/>\n<meta property=\"og:description\" content=\"Redes y conectividad, Nuestro servicio de mantenimiento, es correctivo, en caso de una incidencia, pero sobre todo es preventivo\" \/>\n<meta property=\"og:url\" content=\"https:\/\/servilimag.com\/servicio\/servicio-de-redes-y-conectividad\/\" \/>\n<meta property=\"og:site_name\" content=\"SERVILIMAG\" \/>\n<meta property=\"article:modified_time\" content=\"2022-03-12T16:09:19+00:00\" \/>\n<meta property=\"og:image\" content=\"https:\/\/servilimag.com\/servicio\/wp-content\/uploads\/2021\/06\/conectividad-banner-1024x358-1.jpg\" \/>\n<meta name=\"twitter:card\" content=\"summary_large_image\" \/>\n<meta name=\"twitter:label1\" content=\"Tiempo de lectura\" \/>\n\t<meta name=\"twitter:data1\" content=\"2 minutos\" \/>\n<script type=\"application\/ld+json\" class=\"yoast-schema-graph\">{\"@context\":\"https:\/\/schema.org\",\"@graph\":[{\"@type\":\"WebPage\",\"@id\":\"https:\/\/servilimag.com\/servicio\/servicio-de-redes-y-conectividad\/\",\"url\":\"https:\/\/servilimag.com\/servicio\/servicio-de-redes-y-conectividad\/\",\"name\":\"Servicio de Redes y Conectividad y Conectividad - Equipos- SERVILIMAG\",\"isPartOf\":{\"@id\":\"https:\/\/servilimag.com\/servicio\/#website\"},\"datePublished\":\"2021-06-11T20:31:40+00:00\",\"dateModified\":\"2022-03-12T16:09:19+00:00\",\"description\":\"Redes y conectividad, Nuestro servicio de mantenimiento, es correctivo, en caso de una incidencia, pero sobre todo es preventivo\",\"breadcrumb\":{\"@id\":\"https:\/\/servilimag.com\/servicio\/servicio-de-redes-y-conectividad\/#breadcrumb\"},\"inLanguage\":\"es\",\"potentialAction\":[{\"@type\":\"ReadAction\",\"target\":[\"https:\/\/servilimag.com\/servicio\/servicio-de-redes-y-conectividad\/\"]}]},{\"@type\":\"BreadcrumbList\",\"@id\":\"https:\/\/servilimag.com\/servicio\/servicio-de-redes-y-conectividad\/#breadcrumb\",\"itemListElement\":[{\"@type\":\"ListItem\",\"position\":1,\"name\":\"Portada\",\"item\":\"https:\/\/servilimag.com\/servicio\/\"},{\"@type\":\"ListItem\",\"position\":2,\"name\":\"Servicio de Redes y Conectividad\"}]},{\"@type\":\"WebSite\",\"@id\":\"https:\/\/servilimag.com\/servicio\/#website\",\"url\":\"https:\/\/servilimag.com\/servicio\/\",\"name\":\"SERVILIMAG\",\"description\":\"Suministros y Servicios Integrales\",\"potentialAction\":[{\"@type\":\"SearchAction\",\"target\":{\"@type\":\"EntryPoint\",\"urlTemplate\":\"https:\/\/servilimag.com\/servicio\/?s={search_term_string}\"},\"query-input\":\"required name=search_term_string\"}],\"inLanguage\":\"es\"}]}<\/script>\n<!-- \/ Yoast SEO plugin. -->","yoast_head_json":{"title":"Servicio de Redes y Conectividad y Conectividad - Equipos- SERVILIMAG","description":"Redes y conectividad, Nuestro servicio de mantenimiento, es correctivo, en caso de una incidencia, pero sobre todo es preventivo","robots":{"index":"index","follow":"follow","max-snippet":"max-snippet:-1","max-image-preview":"max-image-preview:large","max-video-preview":"max-video-preview:-1"},"canonical":"https:\/\/servilimag.com\/servicio\/servicio-de-redes-y-conectividad\/","og_locale":"es_ES","og_type":"article","og_title":"Servicio de Redes y Conectividad y Conectividad - Equipos- SERVILIMAG","og_description":"Redes y conectividad, Nuestro servicio de mantenimiento, es correctivo, en caso de una incidencia, pero sobre todo es preventivo","og_url":"https:\/\/servilimag.com\/servicio\/servicio-de-redes-y-conectividad\/","og_site_name":"SERVILIMAG","article_modified_time":"2022-03-12T16:09:19+00:00","og_image":[{"url":"https:\/\/servilimag.com\/servicio\/wp-content\/uploads\/2021\/06\/conectividad-banner-1024x358-1.jpg"}],"twitter_card":"summary_large_image","twitter_misc":{"Tiempo de lectura":"2 minutos"},"schema":{"@context":"https:\/\/schema.org","@graph":[{"@type":"WebPage","@id":"https:\/\/servilimag.com\/servicio\/servicio-de-redes-y-conectividad\/","url":"https:\/\/servilimag.com\/servicio\/servicio-de-redes-y-conectividad\/","name":"Servicio de Redes y Conectividad y Conectividad - Equipos- SERVILIMAG","isPartOf":{"@id":"https:\/\/servilimag.com\/servicio\/#website"},"datePublished":"2021-06-11T20:31:40+00:00","dateModified":"2022-03-12T16:09:19+00:00","description":"Redes y conectividad, Nuestro servicio de mantenimiento, es correctivo, en caso de una incidencia, pero sobre todo es preventivo","breadcrumb":{"@id":"https:\/\/servilimag.com\/servicio\/servicio-de-redes-y-conectividad\/#breadcrumb"},"inLanguage":"es","potentialAction":[{"@type":"ReadAction","target":["https:\/\/servilimag.com\/servicio\/servicio-de-redes-y-conectividad\/"]}]},{"@type":"BreadcrumbList","@id":"https:\/\/servilimag.com\/servicio\/servicio-de-redes-y-conectividad\/#breadcrumb","itemListElement":[{"@type":"ListItem","position":1,"name":"Portada","item":"https:\/\/servilimag.com\/servicio\/"},{"@type":"ListItem","position":2,"name":"Servicio de Redes y Conectividad"}]},{"@type":"WebSite","@id":"https:\/\/servilimag.com\/servicio\/#website","url":"https:\/\/servilimag.com\/servicio\/","name":"SERVILIMAG","description":"Suministros y Servicios Integrales","potentialAction":[{"@type":"SearchAction","target":{"@type":"EntryPoint","urlTemplate":"https:\/\/servilimag.com\/servicio\/?s={search_term_string}"},"query-input":"required name=search_term_string"}],"inLanguage":"es"}]}},"_links":{"self":[{"href":"https:\/\/servilimag.com\/servicio\/wp-json\/wp\/v2\/pages\/10896"}],"collection":[{"href":"https:\/\/servilimag.com\/servicio\/wp-json\/wp\/v2\/pages"}],"about":[{"href":"https:\/\/servilimag.com\/servicio\/wp-json\/wp\/v2\/types\/page"}],"author":[{"embeddable":true,"href":"https:\/\/servilimag.com\/servicio\/wp-json\/wp\/v2\/users\/1"}],"replies":[{"embeddable":true,"href":"https:\/\/servilimag.com\/servicio\/wp-json\/wp\/v2\/comments?post=10896"}],"version-history":[{"count":7,"href":"https:\/\/servilimag.com\/servicio\/wp-json\/wp\/v2\/pages\/10896\/revisions"}],"predecessor-version":[{"id":11075,"href":"https:\/\/servilimag.com\/servicio\/wp-json\/wp\/v2\/pages\/10896\/revisions\/11075"}],"wp:attachment":[{"href":"https:\/\/servilimag.com\/servicio\/wp-json\/wp\/v2\/media?parent=10896"}],"curies":[{"name":"wp","href":"https:\/\/api.w.org\/{rel}","templated":true}]}}